{"id":5781,"date":"2025-12-01T11:59:46","date_gmt":"2025-12-01T08:59:46","guid":{"rendered":"https:\/\/jrn.isi.gov.ua\/?page_id=5781"},"modified":"2026-03-27T23:52:20","modified_gmt":"2026-03-27T20:52:20","slug":"doi-10-52150-2522-9117-2025-39-16","status":"publish","type":"page","link":"https:\/\/jrn.isi.gov.ua\/?page_id=5781","title":{"rendered":"DOI: 10.52150\/2522-9117-2025-39-16"},"content":{"rendered":"\n<p><strong>\u0421. <\/strong><strong>\u041e. \u0424\u0435\u0434\u043e\u0440\u044f\u0447\u0435\u043d\u043a\u043e<\/strong><sup>1,*<\/sup>, \u043a.\u0442.\u043d. \u0434\u043e\u0446\u0435\u043d\u0442, ORCID 0000-0002-8512-3493<br><strong>\u041a. \u0410. \u0417\u0456\u0431\u043e\u0440\u043e\u0432<\/strong><sup>1<\/sup>, \u043a.\u0442.\u043d., \u0434\u043e\u0446\u0435\u043d\u0442, ORCID \u00a00000-0002-4828-3762<br><strong>\u0414. \u0412. \u041b\u0430\u0443\u0445\u0456\u043d<\/strong><sup>1<\/sup>, \u0434.\u0442.\u043d., \u043f\u0440\u043e\u0444., ORCID 0000-0002-9842-499X<br><strong>\u041e. \u0412. \u0429\u0443\u043a\u0456\u043d<\/strong><sup>2<\/sup>, \u043a.\u0442.\u043d, \u0434\u043e\u0446\u0435\u043d\u0442, ORCID 0000-0001-6332-1811<br><strong>\u041e. \u0412. \u041e\u0440\u0435\u043b<\/strong><sup>2<\/sup>, \u043a.\u0442.\u043d, \u0434\u043e\u0446\u0435\u043d\u0442, ORCID 0000-0003-0265-7527<br><strong>\u0412. \u041c. \u041a\u043e\u0440\u043e\u043b\u044c<\/strong><sup>1<\/sup>, \u0430\u0441\u043f\u0456\u0440\u0430\u043d\u0442, ORCID 0009-0004-6433-1797<br><strong>\u0414. \u0412. \u0413\u0430\u0440\u043a\u0430\u0432\u0435\u043d\u043a\u043e<\/strong><sup>1<\/sup>, \u0430\u0441\u043f\u0456\u0440\u0430\u043d\u0442 ORCID 0009-0004-5011-9015<\/p>\n\n\n\n<p><sup>1&nbsp;<\/sup><em>\u041d\u0430\u0446\u0456\u043e\u043d\u0430\u043b\u044c\u043d\u0438\u0439 \u0442\u0435\u0445\u043d\u0456\u0447\u043d\u0438\u0439 \u0443\u043d\u0456\u0432\u0435\u0440\u0441\u0438\u0442\u0435\u0442 &#8220;\u0414\u043d\u0456\u043f\u0440\u043e\u0432\u0441\u044c\u043a\u0430 \u043f\u043e\u043b\u0456\u0442\u0435\u0445\u043d\u0456\u043a\u0430&#8221;<\/em><br><sup>2&nbsp;<\/sup><em>\u0425\u0430\u0440\u043a\u0456\u0432\u0441\u044c\u043a\u0438\u0439 \u043d\u0430\u0446\u0456\u043e\u043d\u0430\u043b\u044c\u043d\u0438\u0439 \u0430\u0432\u0442\u043e\u043c\u043e\u0431\u0456\u043b\u044c\u043d\u043e-\u0434\u043e\u0440\u043e\u0436\u043d\u0456\u0439\u0443\u043d\u0456\u0432\u0435\u0440\u0441\u0438\u0442\u0435\u0442<\/em><br><em><sup>*&nbsp;<\/sup>\u0410\u0432\u0442\u043e\u0440 \u0434\u043b\u044f \u043b\u0438\u0441\u0442\u0443\u0432\u0430\u043d\u043d\u044f: fedoriachenko.s.o@nmu.one<\/em><\/p>\n\n\n\n<h2 class=\"wp-block-heading\"><strong>\u041c\u0410\u0422\u0415\u041c\u0410\u0422\u0418\u0427\u041d\u0415 \u041c\u041e\u0414\u0415\u041b\u042e\u0412\u0410\u041d\u041d\u042f \u0420\u041e\u0417\u0412\u0418\u0422\u041a\u0423 \u041c\u0406\u041a\u0420\u041e\u0422\u0420\u0406\u0429\u0418\u041d \u0417\u0410 \u0423\u041c\u041e\u0412 \u0406\u0421\u041d\u0423\u0412\u0410\u041d\u041d\u042f \u0412\u041d\u0423\u0422\u0420\u0406\u0428\u041d\u0406\u0425 \u0414\u0415\u0424\u0415\u041a\u0422\u0406\u0412 \u041c\u0415\u0422\u0410\u041b\u0415\u0412\u0418\u0425 \u0412\u0418\u041b\u0418\u0412\u041a\u0406\u0412<\/strong><\/h2>\n\n\n\n<p><strong>\u0410\u043d\u043e\u0442\u0430\u0446\u0456\u044f. <\/strong>\u0423 \u0441\u0442\u0430\u0442\u0442\u0456 \u0440\u043e\u0437\u0433\u043b\u044f\u043d\u0443\u0442\u043e \u043f\u0440\u043e\u0431\u043b\u0435\u043c\u0443 \u0444\u043e\u0440\u043c\u0443\u0432\u0430\u043d\u043d\u044f \u0442\u0430 \u0440\u043e\u0437\u0432\u0438\u0442\u043a\u0443 \u043c\u0456\u043a\u0440\u043e\u0434\u0435\u0444\u0435\u043a\u0442\u0456\u0432 \u0443 \u043b\u0438\u0442\u0438\u0445 \u0432\u0438\u0440\u043e\u0431\u0430\u0445 \u0456\u0437 \u043c\u0435\u0442\u0430\u043b\u0435\u0432\u0438\u0445 \u0441\u043f\u043b\u0430\u0432\u0456\u0432, \u0437\u043e\u043a\u0440\u0435\u043c\u0430 \u043c\u0456\u043a\u0440\u043e\u043f\u043e\u0440\u0438\u0441\u0442\u043e\u0441\u0442\u0456 \u0442\u0430 \u043c\u0456\u043a\u0440\u043e\u0442\u0440\u0456\u0449\u0438\u043d, \u0449\u043e \u0432\u0438\u0437\u043d\u0430\u0447\u0430\u044e\u0442\u044c \u0434\u043e\u0432\u0433\u043e\u0432\u0456\u0447\u043d\u0456\u0441\u0442\u044c \u0456 \u043d\u0430\u0434\u0456\u0439\u043d\u0456\u0441\u0442\u044c \u043a\u043e\u043d\u0441\u0442\u0440\u0443\u043a\u0446\u0456\u0439. \u041f\u043e\u043a\u0430\u0437\u0430\u043d\u043e, \u0449\u043e \u043c\u0456\u043a\u0440\u043e\u043f\u043e\u0440\u043e\u0436\u043d\u0438\u043d\u0438 \u0440\u043e\u0437\u043c\u0456\u0440\u043e\u043c \u0431\u043b\u0438\u0437\u044c\u043a\u043e 10 \u043c\u043a\u043c \u0432\u0430\u0436\u043a\u043e \u0432\u0438\u044f\u0432\u0438\u0442\u0438 \u0442\u0440\u0430\u0434\u0438\u0446\u0456\u0439\u043d\u0438\u043c\u0438 \u043c\u0435\u0442\u043e\u0434\u0430\u043c\u0438 \u043a\u043e\u043d\u0442\u0440\u043e\u043b\u044e, \u043f\u0440\u043e\u0442\u0435 \u0432\u043e\u043d\u0438 \u0437\u043d\u0430\u0447\u043d\u043e \u0437\u043d\u0438\u0436\u0443\u044e\u0442\u044c \u043e\u043f\u0456\u0440 \u0432\u0442\u043e\u043c\u0456, \u043f\u043b\u0430\u0441\u0442\u0438\u0447\u043d\u0456\u0441\u0442\u044c \u0456 \u0433\u0440\u0430\u043d\u0438\u0446\u0456 \u043c\u0456\u0446\u043d\u043e\u0441\u0442\u0456 \u0442\u0430 \u043f\u043b\u0438\u043d\u043d\u043e\u0441\u0442\u0456 \u043f\u0440\u0438 \u0440\u043e\u0437\u0442\u044f\u0437\u0456. \u041f\u0440\u043e\u0441\u0442\u043e\u0440\u043e\u0432\u0438\u0439 \u0440\u043e\u0437\u043f\u043e\u0434\u0456\u043b \u0456 \u043c\u043e\u0440\u0444\u043e\u043b\u043e\u0433\u0456\u044f \u043f\u043e\u0440 \u0432\u0438\u0437\u043d\u0430\u0447\u0430\u044e\u0442\u044c \u043c\u0435\u0445\u0430\u043d\u0456\u0437\u043c \u0437\u0430\u0440\u043e\u0434\u0436\u0435\u043d\u043d\u044f \u0442\u0440\u0456\u0449\u0438\u043d, \u0430 \u0457\u0445 \u043a\u043e\u0430\u043b\u0435\u0441\u0446\u0435\u043d\u0446\u0456\u044f \u0443 \u0437\u043e\u043d\u0430\u0445 \u043a\u043e\u043d\u0446\u0435\u043d\u0442\u0440\u0430\u0446\u0456\u0457 \u043d\u0430\u043f\u0440\u0443\u0436\u0435\u043d\u044c \u043f\u0440\u0438\u0448\u0432\u0438\u0434\u0448\u0443\u0454 \u0440\u0443\u0439\u043d\u0443\u0432\u0430\u043d\u043d\u044f. \u0423\u0437\u0430\u0433\u0430\u043b\u044c\u043d\u0435\u043d\u043e \u0441\u0443\u0447\u0430\u0441\u043d\u0456 \u043c\u0435\u0442\u043e\u0434\u0438 \u0434\u043e\u0441\u043b\u0456\u0434\u0436\u0435\u043d\u043d\u044f \u2013 \u043e\u043f\u0442\u0438\u0447\u043d\u0443 \u0442\u0430 \u0435\u043b\u0435\u043a\u0442\u0440\u043e\u043d\u043d\u0443 \u043c\u0456\u043a\u0440\u043e\u0441\u043a\u043e\u043f\u0456\u044e, \u0440\u0435\u043d\u0442\u0433\u0435\u043d\u0456\u0432\u0441\u044c\u043a\u0443 \u043a\u043e\u043c\u043f\u2019\u044e\u0442\u0435\u0440\u043d\u0443 \u0442\u043e\u043c\u043e\u0433\u0440\u0430\u0444\u0456\u044e \u0442\u0430 \u043c\u043e\u0440\u0444\u043e\u043c\u0435\u0442\u0440\u0438\u0447\u043d\u0438\u0439 \u0430\u043d\u0430\u043b\u0456\u0437, \u044f\u043a\u0456 \u0434\u0430\u044e\u0442\u044c \u0437\u043c\u043e\u0433\u0443 \u0432\u0438\u0437\u043d\u0430\u0447\u0430\u0442\u0438 \u0447\u0430\u0441\u0442\u043a\u0443 \u043f\u043e\u0440\u0438\u0441\u0442\u043e\u0441\u0442\u0456, \u0433\u0435\u043e\u043c\u0435\u0442\u0440\u0456\u044e \u0434\u0435\u0444\u0435\u043a\u0442\u0456\u0432 \u0456 \u0441\u0442\u0443\u043f\u0456\u043d\u044c \u0457\u0445\u043d\u044c\u043e\u0457 \u0437\u0432\u2019\u044f\u0437\u0430\u043d\u043e\u0441\u0442\u0456. \u0417\u043d\u0430\u0447\u0443\u0449\u0456\u0441\u0442\u044c \u0447\u0438\u0441\u0435\u043b\u044c\u043d\u043e\u0433\u043e \u043c\u043e\u0434\u0435\u043b\u044e\u0432\u0430\u043d\u043d\u044f \u043f\u0456\u0434\u043a\u0440\u0435\u0441\u043b\u0435\u043d\u043e \u043d\u0430 \u043f\u0440\u0438\u043a\u043b\u0430\u0434\u0456 \u043f\u0440\u043e\u0433\u0440\u0430\u043c\u043d\u0438\u0445 \u043a\u043e\u043c\u043f\u043b\u0435\u043a\u0441\u0456\u0432 \u0442\u0438\u043f\u0443 Thercast, \u0434\u0435 \u0432\u0438\u043a\u043e\u0440\u0438\u0441\u0442\u0430\u043d\u043d\u044f \u043a\u0440\u0438\u0442\u0435\u0440\u0456\u044e \u041d\u0456\u0439\u0430\u043c\u0438 \u0437\u0430\u0431\u0435\u0437\u043f\u0435\u0447\u0443\u0454 \u043f\u0440\u043e\u0433\u043d\u043e\u0437\u0443\u0432\u0430\u043d\u043d\u044f \u043f\u043e\u0440\u043e\u0443\u0442\u0432\u043e\u0440\u0435\u043d\u043d\u044f \u0442\u0430 \u043e\u043f\u0442\u0438\u043c\u0456\u0437\u0430\u0446\u0456\u044e \u043f\u0430\u0440\u0430\u043c\u0435\u0442\u0440\u0456\u0432 \u043b\u0438\u0442\u0442\u044f. \u041e\u0441\u043e\u0431\u043b\u0438\u0432\u0443 \u0443\u0432\u0430\u0433\u0443 \u043f\u0440\u0438\u0434\u0456\u043b\u0435\u043d\u043e \u0432\u043f\u043b\u0438\u0432\u0443 \u0430\u0434\u0438\u0442\u0438\u0432\u043d\u0438\u0445 \u0442\u0435\u0445\u043d\u043e\u043b\u043e\u0433\u0456\u0439, \u0434\u0435 \u043f\u043e\u0454\u0434\u043d\u0430\u043d\u043d\u044f \u043f\u043e\u0440\u0438\u0441\u0442\u043e\u0441\u0442\u0456 \u0437 \u0430\u043d\u0456\u0437\u043e\u0442\u0440\u043e\u043f\u0456\u0454\u044e \u043c\u0456\u043a\u0440\u043e\u0441\u0442\u0440\u0443\u043a\u0442\u0443\u0440\u0438 \u0442\u0430 \u0434\u0435\u0444\u0435\u043a\u0442\u0430\u043c\u0438 \u043d\u0435\u043f\u043e\u0432\u043d\u043e\u0433\u043e \u043f\u0440\u043e\u043f\u043b\u0430\u0432\u043b\u0435\u043d\u043d\u044f \u043f\u0456\u0434\u0432\u0438\u0449\u0443\u0454 \u0447\u0443\u0442\u043b\u0438\u0432\u0456\u0441\u0442\u044c \u043c\u0430\u0442\u0435\u0440\u0456\u0430\u043b\u0443 \u0434\u043e \u0442\u0440\u0456\u0449\u0438\u043d\u043e\u0443\u0442\u0432\u043e\u0440\u0435\u043d\u043d\u044f. \u0414\u043b\u044f \u0447\u0430\u0432\u0443\u043d\u0456\u0432 \u0456 \u0441\u0442\u0430\u043b\u0435\u0439 \u043f\u043e\u043a\u0430\u0437\u0430\u043d\u043e \u0437\u0430\u043b\u0435\u0436\u043d\u0456\u0441\u0442\u044c \u0440\u0456\u0432\u043d\u044f \u043f\u043e\u0440\u0438\u0441\u0442\u043e\u0441\u0442\u0456 \u0432\u0456\u0434 \u0432\u0443\u0433\u043b\u0435\u0446\u0435\u0432\u043e\u0433\u043e \u0435\u043a\u0432\u0456\u0432\u0430\u043b\u0435\u043d\u0442\u0430 \u0442\u0430 \u0441\u0444\u0435\u0440\u043e\u0457\u0434\u0430\u043b\u044c\u043d\u043e\u0441\u0442\u0456 \u0433\u0440\u0430\u0444\u0456\u0442\u0443, \u0449\u043e \u0432\u0438\u0437\u043d\u0430\u0447\u0430\u0454 \u044f\u043a\u0456\u0441\u0442\u044c \u0432\u0438\u043b\u0438\u0432\u043a\u0456\u0432. \u0417\u0430\u043f\u0440\u043e\u043f\u043e\u043d\u043e\u0432\u0430\u043d\u043e \u043c\u0435\u0445\u0430\u043d\u0456\u043a\u043e-\u043c\u0430\u0442\u0435\u043c\u0430\u0442\u0438\u0447\u043d\u0443 \u043c\u043e\u0434\u0435\u043b\u044c, \u044f\u043a\u0430 \u043f\u043e\u0454\u0434\u043d\u0443\u0454 \u043f\u043e\u043b\u043e\u0436\u0435\u043d\u043d\u044f \u0442\u0435\u043e\u0440\u0456\u0457 \u043f\u0440\u0443\u0436\u043d\u043e\u0441\u0442\u0456, \u043b\u0456\u043d\u0456\u0439\u043d\u043e\u0457 \u043c\u0435\u0445\u0430\u043d\u0456\u043a\u0438 \u0440\u0443\u0439\u043d\u0443\u0432\u0430\u043d\u043d\u044f \u0442\u0430 \u0432\u043f\u043b\u0438\u0432 \u043c\u0456\u043a\u0440\u043e\u0441\u0442\u0440\u0443\u043a\u0442\u0443\u0440\u043d\u0438\u0445 \u0444\u0430\u043a\u0442\u043e\u0440\u0456\u0432. \u0423\u0432\u0435\u0434\u0435\u043d\u043e \u0435\u0444\u0435\u043a\u0442\u0438\u0432\u043d\u0456 \u043f\u0430\u0440\u0430\u043c\u0435\u0442\u0440\u0438 \u2013 \u043c\u043e\u0434\u0443\u043b\u044c \u043f\u0440\u0443\u0436\u043d\u043e\u0441\u0442\u0456, \u0433\u0440\u0430\u043d\u0438\u0446\u044e \u043f\u043b\u0438\u043d\u043d\u043e\u0441\u0442\u0456 \u0439 \u0442\u0440\u0456\u0449\u0438\u043d\u043e\u0441\u0442\u0456\u0439\u043a\u0456\u0441\u0442\u044c \u2013 \u0437 \u043f\u043e\u043f\u0440\u0430\u0432\u043a\u0430\u043c\u0438 \u043d\u0430 \u0434\u0435\u0444\u0435\u043a\u0442\u0438, \u0432\u043a\u043b\u044e\u0447\u0435\u043d\u043d\u044f \u0442\u0430 \u0442\u0435\u043c\u043f\u0435\u0440\u0430\u0442\u0443\u0440\u043d\u043e-\u0448\u0432\u0438\u0434\u043a\u0456\u0441\u043d\u0456 \u0443\u043c\u043e\u0432\u0438. \u0421\u0444\u043e\u0440\u043c\u0443\u043b\u044c\u043e\u0432\u0430\u043d\u043e \u0440\u0456\u0432\u043d\u044f\u043d\u043d\u044f \u0440\u043e\u0441\u0442\u0443 \u0442\u0440\u0456\u0449\u0438\u043d\u0438 \u043f\u0440\u0438 \u0434\u0438\u043d\u0430\u043c\u0456\u0447\u043d\u043e\u043c\u0443 \u043d\u0430\u0432\u0430\u043d\u0442\u0430\u0436\u0435\u043d\u043d\u0456, \u043f\u0440\u043e\u0432\u0435\u0434\u0435\u043d\u043e \u0447\u0438\u0441\u0435\u043b\u044c\u043d\u0443 \u0432\u0435\u0440\u0438\u0444\u0456\u043a\u0430\u0446\u0456\u044e. \u041e\u0442\u0440\u0438\u043c\u0430\u043d\u0456 \u0440\u0435\u0437\u0443\u043b\u044c\u0442\u0430\u0442\u0438 \u043c\u0430\u044e\u0442\u044c \u043f\u0440\u0430\u043a\u0442\u0438\u0447\u043d\u0435 \u0437\u043d\u0430\u0447\u0435\u043d\u043d\u044f \u0434\u043b\u044f \u043e\u043f\u0442\u0438\u043c\u0456\u0437\u0430\u0446\u0456\u0457 \u043b\u0438\u0442\u0442\u044f \u0439 \u0430\u0434\u0438\u0442\u0438\u0432\u043d\u043e\u0433\u043e \u0432\u0438\u0440\u043e\u0431\u043d\u0438\u0446\u0442\u0432\u0430 \u0442\u0430 \u0437\u0430\u0431\u0435\u0437\u043f\u0435\u0447\u0435\u043d\u043d\u044f \u043d\u0430\u0434\u0456\u0439\u043d\u043e\u0441\u0442\u0456 \u043a\u043e\u043d\u0441\u0442\u0440\u0443\u043a\u0446\u0456\u0439 \u0443 \u043a\u0440\u0438\u0442\u0438\u0447\u043d\u043e \u043d\u0430\u0432\u0430\u043d\u0442\u0430\u0436\u0435\u043d\u0438\u0445 \u0441\u0438\u0441\u0442\u0435\u043c\u0430\u0445.<s><\/s><\/p>\n\n\n\n<p><strong>\u041a\u043b\u044e\u0447\u043e\u0432\u0456 \u0441\u043b\u043e\u0432\u0430: <\/strong>\u043c\u0456\u043a\u0440\u043e\u043f\u043e\u0440\u0438\u0441\u0442\u0456\u0441\u0442\u044c, \u043c\u0456\u043a\u0440\u043e\u0442\u0440\u0456\u0449\u0438\u043d\u0438, \u043b\u0438\u0442\u0456 \u0441\u043f\u043b\u0430\u0432\u0438, \u043c\u0435\u0445\u0430\u043d\u0456\u043a\u043e-\u043c\u0430\u0442\u0435\u043c\u0430\u0442\u0438\u0447\u043d\u0435 \u043c\u043e\u0434\u0435\u043b\u044e\u0432\u0430\u043d\u043d\u044f, \u043a\u0440\u0438\u0442\u0435\u0440\u0456\u0439 \u041d\u0456\u0439\u0430\u043c\u0438, \u0430\u0434\u0438\u0442\u0438\u0432\u043d\u0456 \u0442\u0435\u0445\u043d\u043e\u043b\u043e\u0433\u0456\u0457, \u0442\u0440\u0456\u0449\u0438\u043d\u043e\u0441\u0442\u0456\u0439\u043a\u0456\u0441\u0442\u044c, Thercast.<\/p>\n\n\n\n<p><strong>\u041f\u043e\u0441\u0438\u043b\u0430\u043d\u043d\u044f \u0434\u043b\u044f \u0446\u0438\u0442\u0443\u0432\u0430\u043d\u043d\u044f: <\/strong>\u041c\u0430\u0442\u0435\u043c\u0430\u0442\u0438\u0447\u043d\u0435 \u043c\u043e\u0434\u0435\u043b\u044e\u0432\u0430\u043d\u043d\u044f \u0440\u043e\u0437\u0432\u0438\u0442\u043a\u0443 \u043c\u0456\u043a\u0440\u043e\u0442\u0440\u0456\u0449\u0438\u043d \u0437\u0430 \u0443\u043c\u043e\u0432 \u0456\u0441\u043d\u0443\u0432\u0430\u043d\u043d\u044f \u0432\u043d\u0443\u0442\u0440\u0456\u0448\u043d\u0456\u0445 \u0434\u0435\u0444\u0435\u043a\u0442\u0456\u0432 \u043c\u0435\u0442\u0430\u043b\u0435\u0432\u0438\u0445 \u0432\u0438\u043b\u0438\u0432\u043a\u0456\u0432\u00a0\/ \u0421. \u041e. \u0424\u0435\u0434\u043e\u0440\u044f\u0447\u0435\u043d\u043a\u043e, \u041a. \u0410. \u0417\u0456\u0431\u043e\u0440\u043e\u0432, \u0414. \u0412. \u041b\u0430\u0443\u0445\u0456\u043d, \u041e. \u0412. \u0429\u0443\u043a\u0456\u043d, \u041e. \u0412. \u041e\u0440\u0435\u043b, \u0412. \u041c. \u041a\u043e\u0440\u043e\u043b\u044c, \u0414. \u0412. \u0413\u0430\u0440\u043a\u0430\u0432\u0435\u043d\u043a\u043e\u00a0\/\/ <em>\u0424\u0443\u043d\u0434\u0430\u043c\u0435\u043d\u0442\u0430\u043b\u044c\u043d\u0456 \u0442\u0430 \u043f\u0440\u0438\u043a\u043b\u0430\u0434\u043d\u0456 \u043f\u0440\u043e\u0431\u043b\u0435\u043c\u0438 \u0447\u043e\u0440\u043d\u043e\u0457 \u043c\u0435\u0442\u0430\u043b\u0443\u0440\u0433\u0456\u0457. <\/em>2025. \u0412\u0438\u043f.\u00a039. \u0421.\u00a0274-284. <a href=\"https:\/\/doi.org\/10.52150\/2522-9117-2025-39-16\">https:\/\/doi.org\/10.52150\/2522-9117-2025-39-16<\/a><\/p>\n\n\n\n<p><strong>\u041f\u0435\u0440\u0435\u043b\u0456\u043a \u043f\u043e\u0441\u0438\u043b\u0430\u043d\u044c<\/strong><\/p>\n\n\n\n<ol class=\"wp-block-list\">\n<li>Lesoult G. R. Microporosity in cast alloys: Simple considerations on its formation. <em>International Journal of Cast Metals Research<\/em>. 2009. Vol. 22, \u2116 1\u20134. P. 2\u20137. <a href=\"https:\/\/doi.org\/10.1179\/136404609X367696\">https:\/\/doi.org\/10.1179\/136404609X367696<\/a><\/li>\n\n\n\n<li>\u041b\u043e\u043c\u0430\u043a\u0456\u043d \u0412. \u041c., \u041a\u043b\u0438\u043c\u0435\u043d\u043a\u043e \u0412. \u0412., \u041f\u0443\u043a\u0430\u043b\u043e\u0432 \u0412. \u0412., \u041a\u0443\u0437\u0438\u043a \u041e. \u0412., \u0414\u0443\u0431\u043e\u0434\u0454\u043b\u043e\u0432 \u0412. \u0406., \u0413\u043e\u0440\u044e\u043a \u041c. \u0421. \u0414\u043e\u0441\u043b\u0456\u0434\u0436\u0435\u043d\u043d\u044f \u043f\u0440\u043e\u0446\u0435\u0441\u0443 \u0437\u0430\u0442\u0432\u0435\u0440\u0434\u0456\u043d\u043d\u044f \u0442\u0430 \u043f\u0440\u043e\u0433\u043d\u043e\u0437\u0443\u0432\u0430\u043d\u043d\u044f \u0441\u0442\u0440\u0443\u043a\u0442\u0443\u0440\u0438 \u043b\u0438\u0442\u0438\u0445 \u0447\u0430\u0432\u0443\u043d\u043d\u0438\u0445 \u043c\u043e\u043b\u043e\u043b\u044c\u043d\u0438\u0445 \u0442\u0456\u043b. <em>\u0417\u0431\u0456\u0440\u043d\u0438\u043a \u043d\u0430\u0443\u043a\u043e\u0432\u0438\u0445 \u043f\u0440\u0430\u0446\u044c \u0426\u0435\u043d\u0442\u0440\u0430\u043b\u044c\u043d\u043e\u0443\u043a\u0440\u0430\u0457\u043d\u0441\u044c\u043a\u043e\u0433\u043e \u043d\u0430\u0446\u0456\u043e\u043d\u0430\u043b\u044c\u043d\u043e\u0433\u043e \u0442\u0435\u0445\u043d\u0456\u0447\u043d\u043e\u0433\u043e \u0443\u043d\u0456\u0432\u0435\u0440\u0441\u0438\u0442\u0435\u0442\u0443<\/em>. 2018. \u2116 31. \u0421. 66\u201374.<\/li>\n\n\n\n<li>Kang M., Gao H., Wang J., Ling L., Sun B. Prediction of Microporosity in Complex Thin-Wall Castings with the Dimensionless Niyama Criterion. <em>Materials<\/em>. 2013. Vol. 6, \u2116 5. P. 1789\u20131802. DOI: <a href=\"https:\/\/doi.org\/10.3390\/ma6051789\">https:\/\/doi.org\/10.3390\/ma6051789<\/a><\/li>\n\n\n\n<li>M\u2019Hamdi M. On modelling the interplay between microporosity formation and hot tearing in aluminium direct-chill casting. <em>Materials Science and Engineering: A<\/em>. 2005. Vol. 413\u2013414. P. 105\u2013108. <a href=\"https:\/\/doi.org\/10.1016\/j.msea.2005.09.050\">https:\/\/doi.org\/10.1016\/j.msea.2005.09.050<\/a><\/li>\n\n\n\n<li>R\u00e9ger M., G\u00e1ti J., Ol\u00e1h F., Horv\u00e1th R., F\u00e1bi\u00e1n E. R., Bubonyi T. Detection of Porosity in Impregnated Die-Cast Aluminum Alloy Piece by Metallography and Computer Tomography. <em>Crystals<\/em>. 2023. Vol. 13, \u2116 7. P. 1014. <a href=\"https:\/\/doi.org\/10.3390\/cryst13071014\">https:\/\/doi.org\/10.3390\/cryst13071014<\/a><\/li>\n\n\n\n<li>Yao L., Cockcroft S., Maijer D., Zhu J., Reilly C. Study of Microporosity Formation under Different Pouring Conditions in A356 Aluminum Alloy Castings. In: Lindsay S.J. (ed.). <em>Light Metals 2011<\/em>. Springer, Cham, 2011. <a href=\"https:\/\/doi.org\/10.1007\/978-3-319-48160-9_135\">https:\/\/doi.org\/10.1007\/978-3-319-48160-9_135<\/a><\/li>\n\n\n\n<li>Forestier R., Costes F., Jaouen O., Bellet M. Finite element thermomechanical simulation of steel continuous casting. <em>Proceedings MCWASP XII, 12th International Conference on Modeling of Casting, Welding and Advanced Solidification Processes<\/em>. Vancouver, Canada, Jun 2009. P. 295\u2013302. ISBN 978-0-87339-742-1.<\/li>\n\n\n\n<li>\u041b\u043e\u043c\u0430\u043a\u0456\u043d \u0412. \u041c., \u041c\u043e\u043b\u043e\u043a\u043e\u0441\u0442 \u041b. \u0410. \u0423\u0434\u0430\u0440\u043e\u0441\u0442\u0456\u0439\u043a\u0438\u0439 \u0447\u0430\u0432\u0443\u043d \u0434\u043b\u044f \u043c\u043e\u043b\u043e\u043b\u044c\u043d\u0438\u0445 \u0442\u0456\u043b. <em>\u0417\u0431\u0456\u0440\u043d\u0438\u043a \u043d\u0430\u0443\u043a\u043e\u0432\u0438\u0445 \u043f\u0440\u0430\u0446\u044c \u0426\u0435\u043d\u0442\u0440\u0430\u043b\u044c\u043d\u043e\u0443\u043a\u0440\u0430\u0457\u043d\u0441\u044c\u043a\u043e\u0433\u043e \u043d\u0430\u0446\u0456\u043e\u043d\u0430\u043b\u044c\u043d\u043e\u0433\u043e \u0442\u0435\u0445\u043d\u0456\u0447\u043d\u043e\u0433\u043e \u0443\u043d\u0456\u0432\u0435\u0440\u0441\u0438\u0442\u0435\u0442\u0443<\/em>. 2020. \u2116 34. \u0421. 65\u201372.<\/li>\n\n\n\n<li>Zsolt S., Marton B. Investigation of microporosity in die-cast AlSi12(Cu) alloys by neutron- and X-ray radiography. <em>Nuclear Society of Slovenia<\/em>. 1999. P. 703\u2013708.<\/li>\n<\/ol>\n\n\n\n<p class=\"has-text-align-right\"><em>\u0420\u0443\u043a\u043e\u043f\u0438\u0441 \u043d\u0430\u0434\u0456\u0439\u0448\u043e\u0432 \u0434\u043e \u0440\u0435\u0434\u0430\u043a\u0446\u0456\u0457&nbsp; 26.07.2025<\/em><br><em>\u0420\u0435\u043a\u043e\u043c\u0435\u043d\u0434\u043e\u0432\u0430\u043d\u043e \u0434\u043e \u0434\u0440\u0443\u043a\u0443 21.10.2025<\/em><br><em>\u041e\u043f\u0443\u0431\u043b\u0456\u043a\u043e\u0432\u0430\u043d\u043e \u043e\u043d\u043b\u0430\u0439\u043d 01.12.2025<\/em><\/p>\n\n\n\n<figure class=\"wp-block-image size-large is-resized\"><a href=\"https:\/\/jrn.isi.gov.ua\/sb\/sb39\/39_016.pdf\"><img loading=\"lazy\" decoding=\"async\" width=\"1024\" height=\"338\" src=\"https:\/\/jrn.isi.gov.ua\/wp-content\/uploads\/2023\/08\/Button1-1024x338.png\" alt=\"\" class=\"wp-image-3540\" style=\"width:200px\"\/><\/a><\/figure>\n","protected":false},"excerpt":{"rendered":"<p>\u0421. \u041e. \u0424\u0435\u0434\u043e\u0440\u044f\u0447\u0435\u043d\u043a\u043e1,*, \u043a.\u0442.\u043d. \u0434\u043e\u0446\u0435\u043d\u0442, ORCID 0000-0002-8512-3493\u041a. \u0410. \u0417\u0456\u0431\u043e\u0440\u043e\u04321, \u043a.\u0442.\u043d., \u0434\u043e\u0446\u0435\u043d\u0442, ORCID \u00a00000-0002-4828-3762\u0414. \u0412. \u041b\u0430\u0443\u0445\u0456\u043d1, \u0434.\u0442.\u043d., \u043f\u0440\u043e\u0444., ORCID 0000-0002-9842-499X\u041e. \u0412. \u0429\u0443\u043a\u0456\u043d2, \u043a.\u0442.\u043d, \u0434\u043e\u0446\u0435\u043d\u0442, ORCID 0000-0001-6332-1811\u041e. \u0412. \u041e\u0440\u0435\u043b2, \u043a.\u0442.\u043d, \u0434\u043e\u0446\u0435\u043d\u0442, ORCID 0000-0003-0265-7527\u0412. \u041c. \u041a\u043e\u0440\u043e\u043b\u044c1, \u0430\u0441\u043f\u0456\u0440\u0430\u043d\u0442, ORCID 0009-0004-6433-1797\u0414. \u0412. \u0413\u0430\u0440\u043a\u0430\u0432\u0435\u043d\u043a\u043e1, \u0430\u0441\u043f\u0456\u0440\u0430\u043d\u0442 ORCID 0009-0004-5011-9015 1&nbsp;\u041d\u0430\u0446\u0456\u043e\u043d\u0430\u043b\u044c\u043d\u0438\u0439 \u0442\u0435\u0445\u043d\u0456\u0447\u043d\u0438\u0439 \u0443\u043d\u0456\u0432\u0435\u0440\u0441\u0438\u0442\u0435\u0442 &#8220;\u0414\u043d\u0456\u043f\u0440\u043e\u0432\u0441\u044c\u043a\u0430 \u043f\u043e\u043b\u0456\u0442\u0435\u0445\u043d\u0456\u043a\u0430&#8221;2&nbsp;\u0425\u0430\u0440\u043a\u0456\u0432\u0441\u044c\u043a\u0438\u0439 \u043d\u0430\u0446\u0456\u043e\u043d\u0430\u043b\u044c\u043d\u0438\u0439 \u0430\u0432\u0442\u043e\u043c\u043e\u0431\u0456\u043b\u044c\u043d\u043e-\u0434\u043e\u0440\u043e\u0436\u043d\u0456\u0439\u0443\u043d\u0456\u0432\u0435\u0440\u0441\u0438\u0442\u0435\u0442*&nbsp;\u0410\u0432\u0442\u043e\u0440 \u0434\u043b\u044f \u043b\u0438\u0441\u0442\u0443\u0432\u0430\u043d\u043d\u044f: fedoriachenko.s.o@nmu.one \u041c\u0410\u0422\u0415\u041c\u0410\u0422\u0418\u0427\u041d\u0415 \u041c\u041e\u0414\u0415\u041b\u042e\u0412\u0410\u041d\u041d\u042f \u0420\u041e\u0417\u0412\u0418\u0422\u041a\u0423 \u041c\u0406\u041a\u0420\u041e\u0422\u0420\u0406\u0429\u0418\u041d [&hellip;]<\/p>\n","protected":false},"author":4,"featured_media":0,"parent":0,"menu_order":0,"comment_status":"closed","ping_status":"closed","template":"","meta":{"footnotes":""},"class_list":["post-5781","page","type-page","status-publish","hentry"],"_links":{"self":[{"href":"https:\/\/jrn.isi.gov.ua\/index.php?rest_route=\/wp\/v2\/pages\/5781","targetHints":{"allow":["GET"]}}],"collection":[{"href":"https:\/\/jrn.isi.gov.ua\/index.php?rest_route=\/wp\/v2\/pages"}],"about":[{"href":"https:\/\/jrn.isi.gov.ua\/index.php?rest_route=\/wp\/v2\/types\/page"}],"author":[{"embeddable":true,"href":"https:\/\/jrn.isi.gov.ua\/index.php?rest_route=\/wp\/v2\/users\/4"}],"replies":[{"embeddable":true,"href":"https:\/\/jrn.isi.gov.ua\/index.php?rest_route=%2Fwp%2Fv2%2Fcomments&post=5781"}],"version-history":[{"count":3,"href":"https:\/\/jrn.isi.gov.ua\/index.php?rest_route=\/wp\/v2\/pages\/5781\/revisions"}],"predecessor-version":[{"id":5928,"href":"https:\/\/jrn.isi.gov.ua\/index.php?rest_route=\/wp\/v2\/pages\/5781\/revisions\/5928"}],"wp:attachment":[{"href":"https:\/\/jrn.isi.gov.ua\/index.php?rest_route=%2Fwp%2Fv2%2Fmedia&parent=5781"}],"curies":[{"name":"wp","href":"https:\/\/api.w.org\/{rel}","templated":true}]}}