{"id":5612,"date":"2025-12-01T20:44:13","date_gmt":"2025-12-01T17:44:13","guid":{"rendered":"https:\/\/jrn.isi.gov.ua\/?page_id=5612"},"modified":"2026-03-27T23:52:16","modified_gmt":"2026-03-27T20:52:16","slug":"doi-10-52150-2522-9117-2025-39-16","status":"publish","type":"page","link":"https:\/\/jrn.isi.gov.ua\/?page_id=5612&lang=en","title":{"rendered":"DOI: 10.52150\/2522-9117-2025-39-16"},"content":{"rendered":"\n<p><strong>S. O. Fedoriachenko<\/strong><sup>1,*<\/sup>, Ph. D. (Tech.), Associate Professor, ORCID 0000-0002-8512-3493<br><strong>K. A. Ziborov<\/strong><sup>1<\/sup>, Ph. D. (Tech.), Associate Professor, ORCID\u00a0 0000-0002-4828-3762<br><strong>D. V. Laukhin<\/strong><sup>1<\/sup>, D. Sc. (Tech.)., Professor ORCID 0000-0002-9842-499X<br><strong>O. V. Shchukin<\/strong><sup>2<\/sup>, Ph. D. (Tech.), Associate Professor, ORCID 0000-0001-6332-1811<br><strong>O. V. Orel<\/strong><sup>2<\/sup>, Ph. D. (Tech.), Associate Professor, ORCID 0000-0003-0265-7527<br><strong>V. M. Korol<\/strong><sup>1<\/sup>, Ph. D. student, ORCID 0009-0004-6433-1797<br><strong>D. V. Harkavenko<\/strong><sup>1<\/sup>, Ph. D. student, ORCID 0009-0004-5011-9015<\/p>\n\n\n\n<p><sup>1&nbsp;<\/sup><em>Dnipro University of Technology<\/em>, <em>Dmytra Yavornytskoho Avenue, 19, Dnipro, 49005, Ukraine<\/em><\/p>\n\n\n\n<p><sup>2&nbsp;<\/sup><em>Kharkiv National Automobile and Highway University<\/em>, <em>Yaroslava Mudrogo St., 25, Kharkov, 61002, Ukraine<\/em><\/p>\n\n\n\n<p><em><sup>*&nbsp;<\/sup><\/em><em>Corresponding author: fedoriachenko.s.o@nmu.one<\/em><\/p>\n\n\n\n<h2 class=\"wp-block-heading\"><strong>MATHEMATICAL MODELING OF MICROCRACK PROPAGATION UNDER THE PRESENCE OF INTERNAL DEFECTS IN METAL CASTINGS<\/strong><\/h2>\n\n\n\n<p><strong>Abstract.<\/strong> The article addresses the problem of the formation and development of microdefects in cast products made of metallic alloys, in particular microporosity and microcracks, which determine the durability and reliability of structures. It is shown that micropores of about 10 \u03bcm in size are difficult to detect using traditional control methods, yet they significantly reduce fatigue resistance, plasticity, and the tensile and yield strengths. The spatial distribution and morphology of pores govern the mechanism of crack initiation, while their coalescence in stress concentration zones accelerates fracture. Modern research methods are summarized, including optical and electron microscopy, X-ray computed tomography, and morphometric image analysis, which make it possible to determine the volume fraction of microporosity, defect geometry, and their degree of connectivity. The significance of numerical modeling is highlighted through the use of software packages such as Thercast, where the application of the Niyama criterion enables the prediction of porosity formation during solidification and the optimization of casting parameters. Particular attention is given to additive manufacturing technologies, where microporosity, combined with microstructural anisotropy and lack-of-fusion defects, increases material sensitivity to crack formation. For cast irons and steels, the dependence of microporosity on the carbon equivalent and graphite spheroidization is shown, which determines the quality of castings. A mechanico-mathematical model is proposed, integrating the principles of elasticity theory, linear fracture mechanics, and microstructural factors. Effective parameters are introduced-elastic modulus, yield strength, and fracture toughness-with correction factors accounting for defects, inclusions, and thermo-kinetic conditions. A crack growth law under dynamic loading is formulated and numerically verified. The results obtained have practical significance for optimizing casting and additive manufacturing processes, predicting service life, and ensuring the operational safety of structures in critically loaded mechanical and energy systems.<s><\/s><\/p>\n\n\n\n<p><strong>Key words: <\/strong>microporosity, microcracks, cast alloys, mechanico-mathematical modeling, Niyama criterion, additive technologies, fracture toughness, Thercast.<\/p>\n\n\n\n<p><strong>For citation:<\/strong> Fedoriachenko, S. O., Ziborov, K. A., Laukhin, D. V., Shchukin, O. V., Orel, O. V., Korol, V. M., &amp; Harkavenko, D. V. (2025). Mathematical modeling of microcrack propagation under the presence of internal defects in metal castings. <em>Fundamental and applied problems of ferrous metallurgy<\/em>, 39, 274-284. <a href=\"https:\/\/doi.org\/10.52150\/2522-9117-2025-39-16\">https:\/\/doi.org\/10.52150\/2522-9117-2025-39-16<\/a><\/p>\n\n\n\n<p><strong>References<\/strong><\/p>\n\n\n\n<ol class=\"wp-block-list\">\n<li>Lesoult, G. R. (2009). Microporosity in cast alloys: Simple considerations on its formation. <em>International Journal of Cast Metals Research, 22<\/em>(1\u20114), 2\u20137. <a href=\"https:\/\/doi.org\/10.1179\/136404609X367696\">https:\/\/doi.org\/10.1179\/136404609X367696<\/a><\/li>\n\n\n\n<li>Lomakin, V. M., Klymenko, V. V., Pukalov, V. V., Kuzyk, O. V., Dubodielov, V. I., &amp; Horiuk, M. S. (2018). Doslidzhennia protsesu zatverdinnia ta prohnozuvannia struktury lytykh chavunnykh mololnykh til. <em>Zbirnyk naukovykh prats Tsentralnoukrainskoho natsionalnoho tekhnichnoho universytetu<\/em>, (31), 66\u201374<\/li>\n\n\n\n<li>Kang, M., Gao, H., Wang, J., Ling, L., &amp; Sun, B. (2013). Prediction of Microporosity in Complex Thin-Wall Castings with the Dimensionless Niyama Criterion. Materials, 6(5), 1789-1802. <a href=\"https:\/\/doi.org\/10.3390\/ma6051789\">https:\/\/doi.org\/10.3390\/ma6051789<\/a><\/li>\n\n\n\n<li>M\u2019Hamdi, M. (2005). On modelling the interplay between microporosity formation and hot tearing in aluminium direct-chill casting. <em>Materials Science and Engineering: A<\/em>, Vol. 413-141, 105-108. <a href=\"https:\/\/doi.org\/10.1016\/j.msea.2005.09.050\">https:\/\/doi.org\/10.1016\/j.msea.2005.09.050<\/a><\/li>\n\n\n\n<li>R\u00e9ger, M., G\u00e1ti, J., Ol\u00e1h, F., Horv\u00e1th, R., F\u00e1bi\u00e1n, E. R., &amp; Bubonyi, T. (2023). Detection of Porosity in Impregnated Die-Cast Aluminum Alloy Piece by Metallography and Computer Tomography. Crystals, 13(7), 1014. <a href=\"https:\/\/doi.org\/10.3390\/cryst13071014\">https:\/\/doi.org\/10.3390\/cryst13071014<\/a><\/li>\n\n\n\n<li>Yao, L., Cockcroft, S., Maijer, D., Zhu, J., Reilly, C. (2011). Study of Microporosity Formation under Different Pouring Conditions in A356 Aluminum Alloy Castings. In: Lindsay, S. J. (eds) Light Metals 2011. Springer, Cham. <a href=\"https:\/\/doi.org\/10.1007\/978-3-319-48160-9_135\">https:\/\/doi.org\/10.1007\/978-3-319-48160-9_135<\/a><\/li>\n\n\n\n<li>Romain Forestier, Fr\u00e9d\u00e9ric Costes, Olivier Jaouen, Michel Bellet. Finite element thermomechanical simulation of steel continuous casting. Proceedings MCWASP XII, 12th International Conference onModeling of Casting, Welding and Advanced Solidification Processes, Jun 2009, Vancouver, Canada. p. 295-302 &#8211; ISBN 978-0-87339-742-1<\/li>\n\n\n\n<li>Lomakin, V. M., &amp; Molokost, L. A. (2020). Udarostiikyi chavun dlia mololnykh til. <em>Zbirnyk naukovykh prats Tsentralnoukrainskoho natsionalnoho tekhnichnoho universytetu<\/em>, (34), 65\u201372<\/li>\n\n\n\n<li>Zsolt, S., &amp; Marton, B. (1999). Investigation of microporosity in die-cast AlSi12(Cu) alloys by neutron- and X-ray radiography (p. 703\u2013708). Nuclear Society of Slovenia<\/li>\n<\/ol>\n\n\n\n<p class=\"has-text-align-right\"><em>Received&nbsp; 26.07.2025<\/em><br><em>Accepted 21.10.2025<\/em><br><em>Published online 01.12.2025<\/em><\/p>\n\n\n\n<figure class=\"wp-block-image size-large is-resized\"><a href=\"https:\/\/jrn.isi.gov.ua\/sb\/sb39\/39_016.pdf\"><img loading=\"lazy\" decoding=\"async\" width=\"1024\" height=\"338\" src=\"https:\/\/jrn.isi.gov.ua\/wp-content\/uploads\/2023\/08\/Button1-1024x338.png\" alt=\"\" class=\"wp-image-3541\" style=\"width:220px\" srcset=\"https:\/\/jrn.isi.gov.ua\/wp-content\/uploads\/2023\/08\/Button1-1024x338.png 1024w, https:\/\/jrn.isi.gov.ua\/wp-content\/uploads\/2023\/08\/Button1.png 300w, https:\/\/jrn.isi.gov.ua\/wp-content\/uploads\/2023\/08\/Button1-767x253.png 767w, https:\/\/jrn.isi.gov.ua\/wp-content\/uploads\/2023\/08\/Button1-1536x507.png 1536w, https:\/\/jrn.isi.gov.ua\/wp-content\/uploads\/2023\/08\/Button1-2048x676.png 2048w, https:\/\/jrn.isi.gov.ua\/wp-content\/uploads\/2023\/08\/Button1-455x150.png 455w, https:\/\/jrn.isi.gov.ua\/wp-content\/uploads\/2023\/08\/Button1-100x33.png 100w, https:\/\/jrn.isi.gov.ua\/wp-content\/uploads\/2023\/08\/Button1-1061x350.png 1061w, https:\/\/jrn.isi.gov.ua\/wp-content\/uploads\/2023\/08\/Button1-788x260.png 788w\" sizes=\"auto, (max-width: 1024px) 100vw, 1024px\" \/><\/a><\/figure>\n\n\n\n<p><\/p>\n","protected":false},"excerpt":{"rendered":"<p>S. O. Fedoriachenko1,*, Ph. D. (Tech.), Associate Professor, ORCID 0000-0002-8512-3493K. A. Ziborov1, Ph. D. (Tech.), Associate Professor, ORCID\u00a0 0000-0002-4828-3762D. V. Laukhin1, D. Sc. (Tech.)., Professor ORCID 0000-0002-9842-499XO. V. Shchukin2, Ph. D. (Tech.), Associate Professor, ORCID 0000-0001-6332-1811O. V. Orel2, Ph. D. (Tech.), Associate Professor, ORCID 0000-0003-0265-7527V. M. Korol1, Ph. D. student, ORCID 0009-0004-6433-1797D. V. Harkavenko1, Ph. [&hellip;]<\/p>\n","protected":false},"author":4,"featured_media":0,"parent":0,"menu_order":0,"comment_status":"closed","ping_status":"closed","template":"","meta":{"footnotes":""},"class_list":["post-5612","page","type-page","status-publish","hentry"],"_links":{"self":[{"href":"https:\/\/jrn.isi.gov.ua\/index.php?rest_route=\/wp\/v2\/pages\/5612","targetHints":{"allow":["GET"]}}],"collection":[{"href":"https:\/\/jrn.isi.gov.ua\/index.php?rest_route=\/wp\/v2\/pages"}],"about":[{"href":"https:\/\/jrn.isi.gov.ua\/index.php?rest_route=\/wp\/v2\/types\/page"}],"author":[{"embeddable":true,"href":"https:\/\/jrn.isi.gov.ua\/index.php?rest_route=\/wp\/v2\/users\/4"}],"replies":[{"embeddable":true,"href":"https:\/\/jrn.isi.gov.ua\/index.php?rest_route=%2Fwp%2Fv2%2Fcomments&post=5612"}],"version-history":[{"count":2,"href":"https:\/\/jrn.isi.gov.ua\/index.php?rest_route=\/wp\/v2\/pages\/5612\/revisions"}],"predecessor-version":[{"id":5927,"href":"https:\/\/jrn.isi.gov.ua\/index.php?rest_route=\/wp\/v2\/pages\/5612\/revisions\/5927"}],"wp:attachment":[{"href":"https:\/\/jrn.isi.gov.ua\/index.php?rest_route=%2Fwp%2Fv2%2Fmedia&parent=5612"}],"curies":[{"name":"wp","href":"https:\/\/api.w.org\/{rel}","templated":true}]}}