{"id":5131,"date":"2025-01-30T01:16:45","date_gmt":"2025-01-29T22:16:45","guid":{"rendered":"https:\/\/jrn.isi.gov.ua\/?page_id=5131"},"modified":"2026-03-28T01:55:37","modified_gmt":"2026-03-27T22:55:37","slug":"doi-10-52150-2522-9117-2024-38-672-685","status":"publish","type":"page","link":"https:\/\/jrn.isi.gov.ua\/?page_id=5131&lang=en","title":{"rendered":"DOI: 10.52150\/2522-9117-2024-38-672-685"},"content":{"rendered":"\n<p><strong>Povorotnii Viktor Volodymyrovych<\/strong>,<strong> <\/strong>Ph. D.(Tech.), Ukrainian State University of Science and Technologies, Lazaryana St., 2, Dnipro, 49010, Ukraine. E-mail: vicktorpovar@gmail.com. ORCID: 0009-0000-9128-902X<\/p>\n\n\n\n<p><strong>Tolstikov Heorhii Ivanovych<\/strong>, Ph. D. (Tech.),Associate Professor, Department of industrial mechanical engineering, Ukrainian State University of Science and Technologies, Lazaryana St., 2, Dnipro, 49010, Ukraine.<strong><\/strong><\/p>\n\n\n\n<p><strong>Tolstikov<\/strong><strong> <\/strong><strong>Ivan Heorhiiovych<\/strong>, Ukrainian State University of Science and Technologies, Lazaryana St., 2, Dnipro, 49010, Ukraine.<strong><\/strong><\/p>\n\n\n\n<p><strong>Yaichuk Oleksandr Oleksiiovych<\/strong>,<strong> <\/strong>Ukrainian State University of Science and Technologies, Lazaryana St., 2, Dnipro, 49010, Ukraine. ORCID: 0009-0009-4034-4266<\/p>\n\n\n\n<h2 class=\"wp-block-heading\"><strong>SOME FEATURES OF MODELING THE RESEARCH PROCESS THERMO-STRESSED BOWL FOR LIQUID SLAG TRANSPORTATION<\/strong><\/h2>\n\n\n\n<p><strong>Abstract.<\/strong> As is known, in metallurgical shops of blast furnace and steelmaking processes, slag carriers are used to drain slag and transport it. The main and most expensive part of a slag carrier is the bowl, which is a steel casting in the form of a thick-walled shell of various configurations. Currently, in blast furnace shops, the most widely used bowls are 16 m<sup>3<\/sup> in volume, based on frames with carriages and moved by biaxial railway-type undercarriages. At the same time, automobile-type slag carriers carrying one bowl began to be introduced at metallurgical enterprises. The average service life of the bowls is insignificant and on average it is 500-1000 fillings, depending on the chemical composition of the slag, its temperature and a number of other factors. The main reasons for the failure of slag bowls are changes in their shape during operation, expressed in the formation of an annular or local narrowing in the area of the support ring, as well as the appearance of longitudinal and transverse cracks in the walls. Automotive-type bowls last much less due to the frequent failure of the axles, by means of which the axle is mounted on the body of the slag carrier. The above defects appear as a result of cyclic thermal effects caused by natural technological processes in the operation of slag carriers. In a solid body, uneven thermal expansion cannot occur freely and causes thermal stresses, which, in combination with mechanical ones from external forces, can cause significant plastic deformations, leading to complete or progressive destruction of the structure. Knowledge of the magnitude and nature of the distribution of thermal stresses is necessary for a comprehensive analysis of the strength of the structure, and in-depth studies of the thermally stressed state of bowls during their operation will make it possible to develop and adopt engineering solutions to increase their service life.<\/p>\n\n\n\n<p><strong>Key words:<\/strong> slag bowl, thermal stress, deformation, temperature, thermal resistance.<\/p>\n\n\n\n<p><strong>DOI: <\/strong><a href=\"https:\/\/doi.org\/10.52150\/2522-9117-2024-38-672-685\">https:\/\/doi.org\/10.52150\/2522-9117-2024-38-672-685<\/a><\/p>\n\n\n\n<p><strong>For citation:<\/strong> Povorotny, V. V., Tolstikov, H. I., Tolstikov, I. H., &amp; Yaichuk, O. O. (2024). Some features of modeling the research process thermo-stressed bowl for liquid slag transportation. <em>Fundamental and applied problems of ferrous metallurgy<\/em>, 38, 672-685. <a href=\"https:\/\/doi.org\/10.52150\/2522-9117-2024-38-672-685\">https:\/\/doi.org\/10.52150\/2522-9117-2024-38-672-685<\/a><\/p>\n\n\n\n<p><strong>References<\/strong><\/p>\n\n\n\n<ol class=\"wp-block-list\">\n<li>Nabarro, F. R. N. (1981). The calculation of thermal stresses in cylinders. <em>International Journal of Engineering Science<\/em>, 19(12), 1651-1656. <a href=\"https:\/\/doi.org\/10.1016\/0020-7225(81)90157-9\">https:\/\/doi.org\/10.1016\/0020-7225(81)90157-9<\/a><\/li>\n\n\n\n<li>Yvanchenko, Y. F. (1977). <em>Issledovanie opytnogo obraztca shlakovoza s chashei emkostiu 24 m<sup>3<\/sup>.<\/em> Otchet po NYR. Dnepropetrovsk: DMetY and DZMO<\/li>\n\n\n\n<li>Emelyn, M. V. &amp; Rakhmanov, S. R. (2009). K voprosu otsenky termonapriazhennoho sostoianyia y termoprochnosty chash shlakovozov. <em>Metallurhycheskaia i hornorudnaia promyshlennost<\/em>, (2), 105-107. <a href=\"https:\/\/www.metaljournal.com.ua\/mgp-02-2009\/\">https:\/\/www.metaljournal.com.ua\/mgp-02-2009\/<\/a><\/li>\n\n\n\n<li>Rassokhyn, D. A., Chyharev V. V., Loza A. V., &amp; Shyshkyn V. V. (2013). Yssledovanye napriazhenyi v stenke chashy shlakovoza. <em>Visnyk pryazovskoho derzhavnoho tekhnichnoho universytetu<\/em>, 27, 172-176. <a href=\"https:\/\/journals.uran.ua\/vestnikpgtu_tech\/article\/view\/31526\">https:\/\/journals.uran.ua\/vestnikpgtu_tech\/article\/view\/31526<\/a><\/li>\n\n\n\n<li>Neac\u015fu, I. A., Scheichl, B., Rojacz, H., Vorlaufer, G., Varga, M., Schmid, H., &amp; Heiss, J. (2016). Transient Thermal-Stress Analysis of Steel Slag Pots: Impact of the Solidifying-Slag Layer on Heat Transfer and Wear. <em>Steel Research int.\u2009<\/em>, 87, 720-732. <a href=\"https:\/\/doi.org\/10.1002\/srin.201500203\">https:\/\/doi.org\/10.1002\/srin.201500203<\/a><\/li>\n\n\n\n<li>Rojacz, H., Neac\u015fu, I. A., Widder, L., Varga, M., &amp; Heiss, J. (2016). \u00a0Thermal effects on wear and material degradation of slag pots operating in steel production. <em>Wear<\/em>, 350\u2013351, 35-45. <a href=\"https:\/\/doi.org\/10.1016\/j.wear.2015.12.009\">https:\/\/doi.org\/10.1016\/j.wear.2015.12.009<\/a><\/li>\n\n\n\n<li>Kozai, K., Naito, M., Sato, Y., &amp; Oyama, K. (2020). Development of long-life slag pot by optimizing stiffness structurally for temperature distribution. <em>AISTech &#8211; Iron and Steel Technology Conference Proceedings<\/em>, 3, 2233 &#8211; 2240. <a href=\"https:\/\/doi.org\/10.33313\/380\/241\">https:\/\/doi.org\/10.33313\/380\/241<\/a><\/li>\n\n\n\n<li>Szklarz, A., Byda\u0142ek, A. W., Migas, P., Pytel, A., Ja\u015bkowiec, K., Bitka, A., W\u00f3jcicki, M., Pysz, S., &amp; \u017buczek, R. (2022). Analysis of Thermal Interactions in the Slag Pots for Transporting Copper Slags. <em>International Journal of Heat and Technology<\/em>, 40(2), 646 \u2013 652. <a href=\"https:\/\/doi.org\/10.18280\/ijht.400236\">https:\/\/doi.org\/10.18280\/ijht.400236<\/a><\/li>\n\n\n\n<li>Timoshenko, S. (1976). <em>Strength of Materials, 3rd edition. Part 2. Advanced Theory and Problems<\/em>. Melbourne (Florida): Krieger Publishing Company<\/li>\n\n\n\n<li>Povorotnii, V., Shcherbyna, I., Zdanevych, S., Diachenko, N., Kimstach, T., Solonenko, L., &amp; Usenko R. (2024). Determining the thermally-stressed state of motor-driven bowls for transporting liquid slag. <em>Eastern-European Journal of Enterprise Technologies<\/em>, 1(7(127)), 99-106. <a href=\"https:\/\/doi.org\/10.15587\/1729-4061.2024.299180\">https:\/\/doi.org\/10.15587\/1729-4061.2024.299180<\/a><\/li>\n\n\n\n<li>Taits, N. Iu. (1962). <em>Tekhnolohyia nahreva staly<\/em>. Metalurhyzdat<\/li>\n<\/ol>\n\n\n\n<figure class=\"wp-block-image size-large is-resized\"><a href=\"https:\/\/jrn.isi.gov.ua\/sb\/sb38\/38_672-685.pdf\"><img loading=\"lazy\" decoding=\"async\" width=\"1024\" height=\"336\" src=\"https:\/\/jrn.isi.gov.ua\/wp-content\/uploads\/2023\/08\/Button3-1024x336.png\" alt=\"\" class=\"wp-image-3537\" style=\"width:200px\" srcset=\"https:\/\/jrn.isi.gov.ua\/wp-content\/uploads\/2023\/08\/Button3-1024x336.png 1024w, https:\/\/jrn.isi.gov.ua\/wp-content\/uploads\/2023\/08\/Button3-300x98.png 300w, https:\/\/jrn.isi.gov.ua\/wp-content\/uploads\/2023\/08\/Button3-766x251.png 766w, https:\/\/jrn.isi.gov.ua\/wp-content\/uploads\/2023\/08\/Button3-1536x503.png 1536w, https:\/\/jrn.isi.gov.ua\/wp-content\/uploads\/2023\/08\/Button3-2048x671.png 2048w, https:\/\/jrn.isi.gov.ua\/wp-content\/uploads\/2023\/08\/Button3-458x150.png 458w, https:\/\/jrn.isi.gov.ua\/wp-content\/uploads\/2023\/08\/Button3-100x33.png 100w, https:\/\/jrn.isi.gov.ua\/wp-content\/uploads\/2023\/08\/Button3-1068x350.png 1068w, https:\/\/jrn.isi.gov.ua\/wp-content\/uploads\/2023\/08\/Button3-788x258.png 788w, https:\/\/jrn.isi.gov.ua\/wp-content\/uploads\/2023\/08\/Button3.png 180w\" sizes=\"auto, (max-width: 1024px) 100vw, 1024px\" \/><\/a><\/figure>\n\n\n\n<p><\/p>\n","protected":false},"excerpt":{"rendered":"<p>Povorotnii Viktor Volodymyrovych, Ph. D.(Tech.), Ukrainian State University of Science and Technologies, Lazaryana St., 2, Dnipro, 49010, Ukraine. E-mail: vicktorpovar@gmail.com. ORCID: 0009-0000-9128-902X Tolstikov Heorhii Ivanovych, Ph. D. (Tech.),Associate Professor, Department of industrial mechanical engineering, Ukrainian State University of Science and Technologies, Lazaryana St., 2, Dnipro, 49010, Ukraine. Tolstikov Ivan Heorhiiovych, Ukrainian State University of Science [&hellip;]<\/p>\n","protected":false},"author":4,"featured_media":0,"parent":0,"menu_order":0,"comment_status":"closed","ping_status":"closed","template":"","meta":{"footnotes":""},"class_list":["post-5131","page","type-page","status-publish","hentry"],"_links":{"self":[{"href":"https:\/\/jrn.isi.gov.ua\/index.php?rest_route=\/wp\/v2\/pages\/5131","targetHints":{"allow":["GET"]}}],"collection":[{"href":"https:\/\/jrn.isi.gov.ua\/index.php?rest_route=\/wp\/v2\/pages"}],"about":[{"href":"https:\/\/jrn.isi.gov.ua\/index.php?rest_route=\/wp\/v2\/types\/page"}],"author":[{"embeddable":true,"href":"https:\/\/jrn.isi.gov.ua\/index.php?rest_route=\/wp\/v2\/users\/4"}],"replies":[{"embeddable":true,"href":"https:\/\/jrn.isi.gov.ua\/index.php?rest_route=%2Fwp%2Fv2%2Fcomments&post=5131"}],"version-history":[{"count":2,"href":"https:\/\/jrn.isi.gov.ua\/index.php?rest_route=\/wp\/v2\/pages\/5131\/revisions"}],"predecessor-version":[{"id":6038,"href":"https:\/\/jrn.isi.gov.ua\/index.php?rest_route=\/wp\/v2\/pages\/5131\/revisions\/6038"}],"wp:attachment":[{"href":"https:\/\/jrn.isi.gov.ua\/index.php?rest_route=%2Fwp%2Fv2%2Fmedia&parent=5131"}],"curies":[{"name":"wp","href":"https:\/\/api.w.org\/{rel}","templated":true}]}}