{"id":4461,"date":"2024-01-28T03:04:00","date_gmt":"2024-01-28T00:04:00","guid":{"rendered":"https:\/\/jrn.isi.gov.ua\/?page_id=4461"},"modified":"2024-01-28T03:04:32","modified_gmt":"2024-01-28T00:04:32","slug":"doi-10-52150-2522-9117-2023-37-211-219","status":"publish","type":"page","link":"https:\/\/jrn.isi.gov.ua\/?page_id=4461","title":{"rendered":"DOI: 10.52150\/2522-9117-2023-37-211-219"},"content":{"rendered":"\n<p><strong>\u0413\u043e\u043b\u0443\u0431 \u0422\u0435\u0442\u044f\u043d\u0430 \u0421\u0435\u0440\u0433\u0456\u0457\u0432\u043d\u0430<\/strong>, \u043a.\u0442.\u043d., \u0441.\u043d.\u0441., \u0406\u043d\u0441\u0442\u0438\u0442\u0443\u0442 \u0447\u043e\u0440\u043d\u043e\u0457 \u043c\u0435\u0442\u0430\u043b\u0443\u0440\u0433\u0456\u0457 \u0456\u043c. \u0417. \u0406. \u041d\u0435\u043a\u0440\u0430\u0441\u043e\u0432\u0430 \u041d\u0410\u041d \u0423\u043a\u0440\u0430\u0457\u043d\u0438, \u043f\u043b\u043e\u0449\u0430 \u0410\u043a\u0430\u0434\u0435\u043c\u0456\u043a\u0430 \u0421\u0442\u0430\u0440\u043e\u0434\u0443\u0431\u043e\u0432\u0430, 1, \u0414\u043d\u0456\u043f\u0440\u043e, 49107, \u0423\u043a\u0440\u0430\u0457\u043d\u0430. ORCID: 0000-0001-9269-2953. E-mail: dove@email.ua<\/p>\n\n\n\n<p><strong>\u041c\u043e\u043b\u0447\u0430\u043d\u043e\u0432 \u041b\u0430\u0432\u0440 \u0421\u0435\u0440\u0433\u0456\u0439\u043e\u0432\u0438\u0447<\/strong>, \u043a.\u0442.\u043d., \u0437\u0430\u0432. \u0432\u0456\u0434\u0434\u0456\u043b\u043e\u043c, \u0406\u043d\u0441\u0442\u0438\u0442\u0443\u0442 \u0447\u043e\u0440\u043d\u043e\u0457 \u043c\u0435\u0442\u0430\u043b\u0443\u0440\u0433\u0456\u0457 \u0456\u043c. \u0417. \u0406. \u041d\u0435\u043a\u0440\u0430\u0441\u043e\u0432\u0430 \u041d\u0410\u041d \u0423\u043a\u0440\u0430\u0457\u043d\u0438, \u043f\u043b\u043e\u0449\u0430 \u0410\u043a\u0430\u0434\u0435\u043c\u0456\u043a\u0430 \u0421\u0442\u0430\u0440\u043e\u0434\u0443\u0431\u043e\u0432\u0430, 1, \u0414\u043d\u0456\u043f\u0440\u043e, 49107, \u0423\u043a\u0440\u0430\u0457\u043d\u0430. ORCID: 0000-0001-6139-5956. E-mail: metall729321@gmail.com<\/p>\n\n\n\n<p><strong>\u0421\u0435\u043c\u0438\u043a\u0456\u043d \u0421\u0435\u0440\u0433\u0456\u0439 \u0406\u0432\u0430\u043d\u043e\u0432\u0438\u0447<\/strong>, \u043a.\u0442.\u043d., \u0441.\u043d.\u0441., \u0406\u043d\u0441\u0442\u0438\u0442\u0443\u0442 \u0447\u043e\u0440\u043d\u043e\u0457 \u043c\u0435\u0442\u0430\u043b\u0443\u0440\u0433\u0456\u0457 \u0456\u043c. \u0417. \u0406. \u041d\u0435\u043a\u0440\u0430\u0441\u043e\u0432\u0430 \u041d\u0410\u041d \u0423\u043a\u0440\u0430\u0457\u043d\u0438, \u043f\u043b\u043e\u0449\u0430 \u0410\u043a\u0430\u0434\u0435\u043c\u0456\u043a\u0430 \u0421\u0442\u0430\u0440\u043e\u0434\u0443\u0431\u043e\u0432\u0430, 1, \u0414\u043d\u0456\u043f\u0440\u043e, 49107, \u0423\u043a\u0440\u0430\u0457\u043d\u0430. ORCID: 0000-0002-7365-2259. E-mail: isisemykin@gmail.com<\/p>\n\n\n\n<p><strong>\u041f\u0440\u043e\u043a\u043e\u043f\u0435\u043d\u043a\u043e \u041f\u0430\u0432\u043b\u043e \u0413\u0440\u0438\u0433\u043e\u0440\u043e\u0432\u0438\u0447<\/strong>, \u0433\u043e\u043b\u043e\u0432\u043d\u0438\u0439 \u043c\u0435\u0442\u0440\u043e\u043b\u043e\u0433 \u0406\u043d\u0441\u0442\u0438\u0442\u0443\u0442 \u0447\u043e\u0440\u043d\u043e\u0457 \u043c\u0435\u0442\u0430\u043b\u0443\u0440\u0433\u0456\u0457 \u0456\u043c. \u0417. \u0406. \u041d\u0435\u043a\u0440\u0430\u0441\u043e\u0432\u0430 \u041d\u0410\u041d \u0423\u043a\u0440\u0430\u0457\u043d\u0438, \u043f\u043b\u043e\u0449\u0430 \u0410\u043a\u0430\u0434\u0435\u043c\u0456\u043a\u0430 \u0421\u0442\u0430\u0440\u043e\u0434\u0443\u0431\u043e\u0432\u0430, 1, \u0414\u043d\u0456\u043f\u0440\u043e, 49107, \u0423\u043a\u0440\u0430\u0457\u043d\u0430. &nbsp;E-mail: ogm-ichm@ukr.net<\/p>\n\n\n\n<p style=\"font-size:24px\"><strong><strong>\u0412\u0421\u0422\u0410\u041d\u041e\u0412\u041b\u0415\u041d\u041d\u042f \u0420\u0410\u0426\u0406\u041e\u041d\u0410\u041b\u042c\u041d\u0418\u0425 \u0420\u0415\u0416\u0418\u041c\u0406\u0412 \u0412\u0417\u0410\u0404\u041c\u041e\u0414\u0406\u0407 \u0413\u0410\u0417\u041e\u0412\u041e\u0413\u041e \u0421\u0422\u0420\u0423\u041c\u0415\u041d\u042f \u0422\u0410 \u0415\u041b\u0415\u041a\u0422\u0420\u0418\u0427\u041d\u041e\u0413\u041e \u0420\u041e\u0417\u0420\u042f\u0414\u0423 \u0414\u041b\u042f \u0420\u041e\u0417\u0420\u041e\u0411\u041a\u0418 \u041c\u0415\u0422\u041e\u0414\u0423 \u041b\u0415\u0413\u0423\u0412\u0410\u041d\u041d\u042f \u0413\u0410\u0417\u041e\u041f\u041e\u0414\u0406\u0411\u041d\u0418\u041c \u041d\u0406\u0422\u0420\u041e\u0413\u0415\u041d\u041e\u041c \u041f\u0420\u0418 \u0412\u0418\u041a\u041e\u0420\u0418\u0421\u0422\u0410\u041d\u041d\u0406 \u0415\u041b\u0415\u041a\u0422\u0420\u0418\u0427\u041d\u041e\u0407 \u0410\u041a\u0422\u0418\u0412\u0410\u0426\u0406\u0407<\/strong><\/strong><\/p>\n\n\n\n<p><strong>\u0410\u043d\u043e\u0442\u0430\u0446\u0456\u044f.<\/strong> \u0421\u044c\u043e\u0433\u043e\u0434\u0435\u043d\u043d\u044f \u043c\u0435\u0442\u0430\u043b\u0443\u0440\u0433\u0456\u0439\u043d\u043e\u0457 \u0433\u0430\u043b\u0443\u0437\u0456, \u044f\u043a \u043e\u0441\u043d\u043e\u0432\u043d\u043e\u0433\u043e \u0432\u0438\u0440\u043e\u0431\u043d\u0438\u043a\u0430 \u043a\u043e\u043d\u0441\u0442\u0440\u0443\u043a\u0446\u0456\u0439\u043d\u043e\u0433\u043e \u043c\u0430\u0442\u0435\u0440\u0456\u0430\u043b\u0443, \u0441\u0442\u0430\u0432\u0438\u0442\u044c \u043d\u043e\u0432\u0456 \u043f\u0456\u0434\u0432\u0438\u0449\u0435\u043d\u0456 \u0432\u0438\u043c\u043e\u0433\u0438 \u0434\u043e \u0435\u043a\u0441\u043f\u043b\u0443\u0430\u0442\u0430\u0446\u0456\u0439\u043d\u0438\u0445 \u044f\u043a\u043e\u0441\u0442\u0435\u0439 \u0441\u0442\u0430\u043b\u0435\u0439, \u044f\u043a\u0456 \u0437\u0443\u043c\u043e\u0432\u043b\u044e\u044e\u0442\u044c \u043d\u0430\u0434\u0456\u0439\u043d\u0456\u0441\u0442\u044c \u0442\u0430 \u0434\u043e\u0432\u0433\u043e\u0432\u0456\u0447\u043d\u0456\u0441\u0442\u044c \u0434\u0435\u0442\u0430\u043b\u0435\u0439 \u0442\u0430 \u043a\u043e\u043d\u0441\u0442\u0440\u0443\u043a\u0446\u0456\u0439. \u0421\u043f\u043e\u0441\u043e\u0431\u0438 \u043f\u043e\u043b\u0456\u043f\u0448\u0435\u043d\u043d\u044f \u0432\u043b\u0430\u0441\u0442\u0438\u0432\u043e\u0441\u0442\u0435\u0439 \u0441\u0442\u0430\u043b\u0435\u0439 \u0434\u043e\u0441\u0438\u0442\u044c \u0440\u0456\u0437\u043d\u043e\u043c\u0430\u043d\u0456\u0442\u043d\u0456, \u043f\u0440\u043e\u0442\u0435 \u0432\u0430\u0436\u043b\u0438\u0432\u0435 \u043c\u0456\u0441\u0446\u0435 \u0441\u0435\u0440\u0435\u0434 \u043d\u0438\u0445 \u0437\u0430\u0439\u043c\u0430\u0454 \u043b\u0435\u0433\u0443\u0432\u0430\u043d\u043d\u044f, \u0443 \u0442\u043e\u043c\u0443 \u0447\u0438\u0441\u043b\u0456 \u043d\u0456\u0442\u0440\u043e\u0433\u0435\u043d\u043e\u043c, \u0432\u0432\u0435\u0434\u0435\u043d\u043d\u044f \u044f\u043a\u043e\u0433\u043e \u0434\u043e\u0437\u0432\u043e\u043b\u044f\u0454 \u0437\u043c\u0435\u043d\u0448\u0438\u0442\u0438 \u0443 \u0441\u043f\u043b\u0430\u0432\u0430\u0445 \u0432\u043c\u0456\u0441\u0442 \u0431\u0456\u043b\u044c\u0448 \u0432\u0430\u0440\u0442\u0456\u0441\u043d\u0438\u0445 \u0435\u043b\u0435\u043c\u0435\u043d\u0442\u0456\u0432 \u043f\u0440\u0438 \u0437\u0431\u0435\u0440\u0435\u0436\u0435\u043d\u043d\u0456 \u043d\u0435\u043e\u0431\u0445\u0456\u0434\u043d\u043e\u0457 \u043c\u0456\u0446\u043d\u043e\u0457 \u0441\u0442\u0440\u0443\u043a\u0442\u0443\u0440\u0438 \u0442\u0430 \u0432\u0438\u0441\u043e\u043a\u0438\u0445 \u043a\u043e\u0440\u043e\u0437\u0456\u0439\u043d\u0438\u0445 \u0445\u0430\u0440\u0430\u043a\u0442\u0435\u0440\u0438\u0441\u0442\u0438\u043a \u0441\u043f\u043b\u0430\u0432\u0456\u0432, \u043f\u043b\u0430\u0441\u0442\u0438\u0447\u043d\u043e\u0441\u0442\u0456 \u0442\u043e\u0449\u043e. \u041d\u0456\u0442\u0440\u043e\u0433\u0435\u043d \u0434\u043e\u0441\u0442\u0430\u0442\u043d\u044c\u043e \u0440\u043e\u0437\u043f\u043e\u0432\u0441\u044e\u0434\u0436\u0435\u043d\u0438\u0439 \u0445\u0456\u043c\u0456\u0447\u043d\u0438\u0439 \u0435\u043b\u0435\u043c\u0435\u043d\u0442 \u0456 \u044f\u043a \u043b\u0435\u0433\u0443\u044e\u0447\u0438\u0439 \u0432\u0456\u0434\u043e\u043c\u0438\u0439 \u0434\u0430\u0432\u043d\u043e, \u043f\u0440\u043e\u0442\u0435 \u0448\u0438\u0440\u043e\u043a\u043e\u043c\u0443 \u0432\u0438\u043a\u043e\u0440\u0438\u0441\u0442\u0430\u043d\u043d\u044e \u0437\u0430\u0432\u0430\u0436\u0430\u0454 \u0439\u043e\u0433\u043e \u043e\u0431\u043c\u0435\u0436\u0435\u043d\u0430 \u0440\u043e\u0437\u0447\u0438\u043d\u043d\u0456\u0441\u0442\u044c \u0443 \u0437\u0430\u043b\u0456\u0437\u043d\u0438\u0445 \u0441\u043f\u043b\u0430\u0432\u0430\u0445, \u043e\u0441\u043e\u0431\u043b\u0438\u0432\u043e \u043f\u0440\u0438 \u0432\u0438\u0441\u043e\u043a\u043e\u043c\u0443 \u0432\u043c\u0456\u0441\u0442\u0456 \u0456\u043d\u0448\u0438\u0445 \u043a\u043e\u043c\u043f\u043e\u043d\u0435\u043d\u0442\u0456\u0432. \u0414\u043b\u044f \u043f\u0456\u0434\u0432\u0438\u0449\u0435\u043d\u043d\u044f \u0440\u043e\u0437\u0447\u0438\u043d\u043d\u043e\u0441\u0442\u0456 \u043d\u0456\u0442\u0440\u043e\u0433\u0435\u043d\u0443 \u0432\u0438\u043a\u043e\u0440\u0438\u0441\u0442\u043e\u0432\u0443\u044e\u0442\u044c \u0440\u0456\u0437\u043d\u0456 \u0441\u043f\u043e\u0441\u043e\u0431\u0438 \u0430\u043a\u0442\u0438\u0432\u0456\u0437\u0430\u0446\u0456\u0457 \u0433\u0430\u0437\u0443. \u0410\u0432\u0442\u043e\u0440\u0430\u043c\u0438 \u0431\u0443\u043b\u043e \u0434\u043e\u0441\u043b\u0456\u0434\u0436\u0435\u043d\u043e \u0432\u0430\u0440\u0456\u0430\u043d\u0442 \u0430\u043a\u0442\u0438\u0432\u0456\u0437\u0430\u0446\u0456\u0457 \u0448\u043b\u044f\u0445\u043e\u043c \u0441\u0442\u0432\u043e\u0440\u0435\u043d\u043d\u044f \u0435\u043b\u0435\u043a\u0442\u0440\u0438\u0447\u043d\u043e\u0433\u043e \u0440\u043e\u0437\u0440\u044f\u0434\u0443 \u043d\u0430 \u0444\u0456\u0437\u0438\u0447\u043d\u043e\u043c\u0443 \u0441\u0442\u0435\u043d\u0434\u0456. \u041c\u043e\u0434\u0435\u043b\u044e\u0432\u0430\u043d\u043d\u044e \u043f\u0456\u0434\u043b\u044f\u0433\u0430\u043b\u0430 \u0434\u0456\u043b\u044f\u043d\u043a\u0430 \u043c\u0456\u0436 \u0444\u0443\u0440\u043c\u043e\u044e, \u0434\u043b\u044f \u043f\u043e\u0434\u0430\u0447\u0456 \u043f\u0440\u043e\u0434\u0443\u0432\u043d\u043e\u0433\u043e \u0433\u0430\u0437\u0443, \u0442\u0430 \u043f\u0440\u0438\u0441\u0442\u0440\u043e\u0454\u043c \u0430\u043a\u0442\u0438\u0432\u0456\u0437\u0430\u0446\u0456\u0457 \u0433\u0430\u0437\u0443 \u0448\u043b\u044f\u0445\u043e\u043c \u0441\u0442\u0432\u043e\u0440\u0435\u043d\u043d\u044f \u0435\u043b\u0435\u043a\u0442\u0440\u0438\u0447\u043d\u043e\u0433\u043e \u0440\u043e\u0437\u0440\u044f\u0434\u0443 \u043c\u0456\u0436 \u0435\u043b\u0435\u043a\u0442\u0440\u043e\u0434\u0430\u043c\u0438. \u0412\u0441\u0442\u0430\u043d\u043e\u0432\u043b\u0435\u043d\u043e, \u0449\u043e \u0434\u043b\u044f \u0437\u0430\u0431\u0435\u0437\u043f\u0435\u0447\u0435\u043d\u043d\u044f \u0435\u043b\u0435\u043a\u0442\u0440\u0438\u0447\u043d\u043e\u0457 \u0430\u043a\u0442\u0438\u0432\u0456\u0437\u0430\u0446\u0456\u0457 \u043d\u0456\u0442\u0440\u043e\u0433\u0435\u043d\u0432\u043c\u0456\u0441\u043d\u043e\u0433\u043e \u0433\u0430\u0437\u043e\u0432\u043e\u0433\u043e \u0441\u0442\u0440\u0443\u043c\u0435\u043d\u044f \u043c\u043e\u0436\u043b\u0438\u0432\u043e \u0441\u0442\u0432\u043e\u0440\u044e\u0432\u0430\u0442\u0438 \u0435\u043b\u0435\u043a\u0442\u0440\u0438\u0447\u043d\u0438\u0439 \u0434\u0443\u0433\u043e\u0432\u0438\u0439 \u0447\u0438 \u0440\u043e\u0437\u0433\u0430\u043b\u0443\u0436\u0435\u043d\u0438\u0439 \u0456\u0441\u043a\u0440\u043e\u0432\u0438\u0439 \u0440\u043e\u0437\u0440\u044f\u0434, \u0440\u0456\u0437\u043d\u043e\u0432\u0438\u0434 \u044f\u043a\u043e\u0433\u043e \u0437\u0430\u043b\u0435\u0436\u0438\u0442\u044c \u0432\u0456\u0434 \u0432\u0456\u0434\u0441\u0442\u0430\u043d\u0456 \u043c\u0456\u0436 \u0435\u043b\u0435\u043a\u0442\u0440\u043e\u0434\u0430\u043c\u0438. \u0417\u0430\u0434\u043b\u044f \u0437\u0430\u0431\u0435\u0437\u043f\u0435\u0447\u0435\u043d\u043d\u044f \u0435\u0444\u0435\u043a\u0442\u0438\u0432\u043d\u043e\u0457 \u0432\u0437\u0430\u0454\u043c\u043e\u0434\u0456\u0457 \u0433\u0430\u0437\u043e\u0432\u043e\u0433\u043e \u043f\u043e\u0442\u043e\u043a\u0443 \u0437 \u0435\u043b\u0435\u043a\u0442\u0440\u0438\u0447\u043d\u0438\u043c \u0440\u043e\u0437\u0440\u044f\u0434\u043e\u043c \u043d\u0435\u043e\u0431\u0445\u0456\u0434\u043d\u043e \u0437\u0430\u0431\u0435\u0437\u043f\u0435\u0447\u0438\u0442\u0438 \u0442\u0438\u0441\u043a \u0433\u0430\u0437\u0443 \u043d\u0430 \u0440\u0456\u0432\u043d\u0456 0,8-1,2&nbsp;\u0430\u0442\u043c, \u0430 \u043f\u0440\u043e\u0434\u0443\u0432\u043d\u0438\u0439 \u043f\u0440\u0438\u0441\u0442\u0440\u0456\u0439 \u0440\u043e\u0437\u0442\u0430\u0448\u043e\u0432\u0443\u0432\u0430\u0442\u0438 \u043d\u0430 \u0432\u0438\u0441\u043e\u0442\u0456 \u043d\u0430\u0434 \u0435\u043b\u0435\u043a\u0442\u0440\u0438\u0447\u043d\u0438\u043c \u0440\u043e\u0437\u0440\u044f\u0434\u043e\u043c \u043d\u0430 \u0440\u0456\u0432\u043d\u0456 20-40 \u043a\u0430\u043b\u0456\u0431\u0440\u0456\u0432. \u0414\u043e\u0442\u0440\u0438\u043c\u0430\u043d\u043d\u044f \u0437\u0430\u0437\u043d\u0430\u0447\u0435\u043d\u0438\u0445 \u043f\u0430\u0440\u0430\u043c\u0435\u0442\u0440\u0456\u0432 \u0434\u043e\u0437\u0432\u043e\u043b\u0438\u0442\u044c \u0437\u0430\u0431\u0435\u0437\u043f\u0435\u0447\u0438\u0442\u0438 \u0435\u0444\u0435\u043a\u0442\u0438\u0432\u043d\u0443 \u0432\u0437\u0430\u0454\u043c\u043e\u0434\u0456\u044e \u0433\u0430\u0437\u043e\u0432\u043e\u0433\u043e \u0441\u0442\u0440\u0443\u043c\u0435\u043d\u044f \u0437 \u0435\u043b\u0435\u043a\u0442\u0440\u0438\u0447\u043d\u0438\u043c \u0440\u043e\u0437\u0440\u044f\u0434\u043e\u043c \u0443 \u0444\u043e\u0440\u043c\u0456 \u0435\u043b\u0435\u043a\u0442\u0440\u0438\u0447\u043d\u043e\u0457 \u0434\u0443\u0433\u0438, \u0430\u0431\u043e \u0456\u0441\u043a\u0440\u043e\u0432\u043e\u0433\u043e \u0440\u043e\u0437\u0433\u0430\u043b\u0443\u0436\u0435\u043d\u043d\u043e\u0433\u043e \u0440\u043e\u0437\u0440\u044f\u0434\u0443.<\/p>\n\n\n\n<p><strong>\u041a\u043b\u044e\u0447\u043e\u0432\u0456 \u0441\u043b\u043e\u0432\u0430:<\/strong> \u043b\u0435\u0433\u0443\u0432\u0430\u043d\u043d\u044f, \u0433\u0430\u0437\u043e\u043f\u043e\u0434\u0456\u0431\u043d\u0438\u0439 \u043d\u0456\u0442\u0440\u043e\u0433\u0435\u043d, \u0430\u043a\u0442\u0438\u0432\u0456\u0437\u0430\u0446\u0456\u044f \u0435\u043b\u0435\u043a\u0442\u0440\u0438\u0447\u043d\u0438\u043c \u0440\u043e\u0437\u0440\u044f\u0434\u043e\u043c, \u0444\u0456\u0437\u0438\u0447\u043d\u0435 \u043c\u043e\u0434\u0435\u043b\u044e\u0432\u0430\u043d\u043d\u044f.<\/p>\n\n\n\n<p><strong>DOI: <\/strong><a href=\"https:\/\/doi.org\/10.52150\/2522-9117-2023-37-211-219\">https:\/\/doi.org\/10.52150\/2522-9117-2023-37-211-219<\/a><\/p>\n\n\n\n<p><strong>\u041f\u043e\u0441\u0438\u043b\u0430\u043d\u043d\u044f \u0434\u043b\u044f \u0446\u0438\u0442\u0443\u0432\u0430\u043d\u043d\u044f: <\/strong>\u0412\u0441\u0442\u0430\u043d\u043e\u0432\u043b\u0435\u043d\u043d\u044f \u0440\u0430\u0446\u0456\u043e\u043d\u0430\u043b\u044c\u043d\u0438\u0445 \u0440\u0435\u0436\u0438\u043c\u0456\u0432 \u0432\u0437\u0430\u0454\u043c\u043e\u0434\u0456\u0457 \u0433\u0430\u0437\u043e\u0432\u043e\u0433\u043e \u0441\u0442\u0440\u0443\u043c\u0435\u043d\u044f \u0442\u0430 \u0435\u043b\u0435\u043a\u0442\u0440\u0438\u0447\u043d\u043e\u0433\u043e \u0440\u043e\u0437\u0440\u044f\u0434\u0443 \u0434\u043b\u044f \u0440\u043e\u0437\u0440\u043e\u0431\u043a\u0438 \u043c\u0435\u0442\u043e\u0434\u0443 \u043b\u0435\u0433\u0443\u0432\u0430\u043d\u043d\u044f \u0433\u0430\u0437\u043e\u043f\u043e\u0434\u0456\u0431\u043d\u0438\u043c \u043d\u0456\u0442\u0440\u043e\u0433\u0435\u043d\u043e\u043c \u043f\u0440\u0438 \u0432\u0438\u043a\u043e\u0440\u0438\u0441\u0442\u0430\u043d\u043d\u0456 \u0435\u043b\u0435\u043a\u0442\u0440\u0438\u0447\u043d\u043e\u0457 \u0430\u043a\u0442\u0438\u0432\u0430\u0446\u0456\u0457\u00a0\/ \u0422.\u00a0\u0421. \u0413\u043e\u043b\u0443\u0431, \u041b.\u00a0\u0421. \u041c\u043e\u043b\u0447\u0430\u043d\u043e\u0432, \u0421.\u00a0\u0406. \u0421\u0435\u043c\u0438\u043a\u0456\u043d, \u041f.\u0413.\u00a0\u041f\u0440\u043e\u043a\u043e\u043f\u0435\u043d\u043a\u043e\u00a0\/\/ <em>\u0424\u0443\u043d\u0434\u0430\u043c\u0435\u043d\u0442\u0430\u043b\u044c\u043d\u0456 \u0442\u0430 \u043f\u0440\u0438\u043a\u043b\u0430\u0434\u043d\u0456 \u043f\u0440\u043e\u0431\u043b\u0435\u043c\u0438 \u0447\u043e\u0440\u043d\u043e\u0457 \u043c\u0435\u0442\u0430\u043b\u0443\u0440\u0433\u0456\u0457. <\/em>2023. \u0412\u0438\u043f.\u00a037. \u0421.\u00a0211-219. https:\/\/doi.org\/10.52150\/2522-9117-2023-37-211-219<\/p>\n\n\n\n<p><strong>\u041f\u0435\u0440\u0435\u043b\u0456\u043a \u043f\u043e\u0441\u0438\u043b\u0430\u043d\u044c<\/strong><\/p>\n\n\n\n<ol class=\"wp-block-list\">\n<li>Simmons J. W. Overview: high-nitrogen alloying of stainless steels. <em>Materials Science and Engineering: A<\/em>. 1996. Vol. 207. Iss. 2. P. 159-169.<\/li>\n\n\n\n<li>Nitrogen as an alloying element improving material properties of the high carbon cast steel for ball mill liner plates&nbsp;\/ J\u00f3zef Gawlik, Jerzy Schmidt, Tomasz Nowak, Zygmunt W\u00f3jcicki, Andrzej Zag\u00f3rski&nbsp;\/\/ <em>Archives of Civil and Mechanical Engineering<\/em>. 2017. Vol. 17. Iss. 4. P. 926-934.<\/li>\n\n\n\n<li>Kostina M. V., Bannykh O. A., Blinov V. M. Special Features of Steels Alloyed with Nitrogen. <em>Metal Science and Heat Treatment<\/em>. 2000. Vol. 42, Iss. 11. P. 459-462.<\/li>\n\n\n\n<li>Richard P. Reed Nitrogen in austenitic stainless steels. <em>JOM<\/em>. 1989. Vol. 41. P. 16-21.<\/li>\n\n\n\n<li>\u041c\u043e\u0440\u043e\u0437\u043e\u0432 \u0410. \u0418. <em>\u0412\u043e\u0434\u043e\u0440\u043e\u0434 \u0438 \u0430\u0437\u043e\u0442 \u0432 \u0441\u0442\u0430\u043b\u0438<\/em>. \u041c.&nbsp;: \u041c\u0435\u0442\u0430\u043b\u043b\u0443\u0440\u0433\u0438\u0437\u0434\u0430\u0442, 1968. 280&nbsp;\u0441.<\/li>\n\n\n\n<li>Pelke R. D., Elliot I. F. The Solubiliny of Nitrogen in Liquid Iron Alloys. <em>Tr\u0430nsaction of the Metallurgical Society of AIM\u0415<\/em>. 1963. Vol. 227. \u2116&nbsp;5. P. 849-855<\/li>\n\n\n\n<li>\u041a\u0430\u0437\u0430\u0447\u043a\u043e\u0432 \u0415. \u0410. <em>\u0420\u0430\u0441\u0447\u0435\u0442\u044b \u043f\u043e \u0442\u0435\u043e\u0440\u0438\u0438 \u043c\u0435\u0442\u0430\u043b\u043b\u0443\u0440\u0433\u0438\u0447\u0435\u0441\u043a\u0438\u0445 \u043f\u0440\u043e\u0446\u0435\u0441\u0441\u043e\u0432<\/em>. \u041c.&nbsp;: \u041c\u0435\u0442\u0430\u043b\u043b\u0443\u0440\u0433\u0438\u044f, 1988. 288 \u0441.<\/li>\n\n\n\n<li>\u0420\u0430\u0437\u0440\u0430\u0431\u043e\u0442\u043a\u0430 \u0442\u0435\u0445\u043d\u043e\u043b\u043e\u0433\u0438\u0438 \u0432\u043d\u0435\u043f\u0435\u0447\u043d\u043e\u0439 \u043e\u0431\u0440\u0430\u0431\u043e\u0442\u043a\u0438 \u0440\u0435\u043b\u044c\u0441\u043e\u0432\u043e\u0439 \u0441\u0442\u0430\u043b\u0438 \u0432 \u0430\u0433\u0440\u0435\u0433\u0430\u0442\u0435 \u043a\u043e\u0432\u0448-\u043f\u0435\u0447\u044c\/ \u0420. \u0410. \u0413\u0438\u0437\u0430\u0442\u0443\u043b\u0438\u043d, \u041b. \u0410. \u0413\u043e\u0434\u0438\u043a, \u041d. \u0410. \u041a\u043e\u0437\u044b\u0440\u0435\u0432, \u0410. \u041f. \u0414\u0430\u043d\u0438\u043b\u043e\u0432&nbsp;\/\/ <em>\u042d\u043b\u0435\u043a\u0442\u0440\u043e\u043c\u0435\u0442\u0430\u043b\u043b\u0443\u0440\u0433\u0438\u044f<\/em>. 2008. \u2116 2. \u0421. 11-13.<\/li>\n\n\n\n<li>\u0420\u0430\u0448\u0435\u0432 \u0426. \u0421\u043e\u0437\u0434\u0430\u043d\u0438\u0435 \u043b\u0430\u0431\u043e\u0440\u0430\u0442\u043e\u0440\u043d\u0438\u0445 \u0438 \u043f\u0440\u043e\u043c\u044b\u0448\u043b\u0435\u043d\u043d\u044b\u0445 \u0443\u0441\u0442\u0430\u043d\u043e\u0432\u043e\u043a \u0434\u043b\u044f \u043e\u0434\u043d\u043e\u0441\u0442\u0430\u0434\u0438\u0439\u043d\u043e\u0433\u043e \u043f\u0440\u043e\u0438\u0437\u0432\u043e\u0434\u0441\u0442\u0432\u0430 \u0432\u044b\u0441\u043e\u043a\u043e\u0430\u0437\u043e\u0442\u0438\u0441\u0442\u043e\u0439 \u0441\u0442\u0430\u043b\u0438. <em>\u042d\u043b\u0435\u043a\u0442\u0440\u043e\u043c\u0435\u0442\u0430\u043b\u043b\u0443\u0440\u0433\u0438\u044f<\/em>. 2004. \u2116 2. C. 6-10.<\/li>\n\n\n\n<li>\u0416\u0435\u043a\u043e\u0432\u0430 \u041b., \u0420\u0430\u0448\u0435\u0432 \u0426. \u0418\u0441\u0441\u043b\u0435\u0434\u043e\u0432\u0430\u043d\u0438\u0435 \u0432\u043e\u0437\u043c\u043e\u0436\u043d\u043e\u0441\u0442\u0438 \u0441\u043e\u0437\u0434\u0430\u043d\u0438\u044f \u0432\u044b\u0441\u043e\u043a\u043e\u0430\u0437\u043e\u0442\u0438\u0441\u0442\u044b\u0445 \u0441\u0442\u0430\u043b\u0435\u0439 \u0441 \u0438\u0441\u043f\u043e\u043b\u044c\u0437\u043b\u0432\u0430\u043d\u0438\u0435\u043c \u043c\u0435\u0442\u043e\u0434\u0430 \u043f\u043b\u0430\u0432\u043a\u0438 \u0432\u043e \u0432\u0437\u0432\u0435\u0448\u0430\u043d\u043d\u043e\u043c \u0441\u043e\u0441\u0442\u043e\u044f\u043d\u0438\u0438 \u043f\u043e\u0434 \u0432\u0438\u0441\u043e\u043a\u0438\u043c \u0434\u0430\u0432\u043b\u0435\u043d\u0438\u043c. <em>\u041c\u0435\u0442\u0430\u043b\u043b\u0443\u0440\u0433<\/em>. 2007. \u2116 2. \u0421. 37-41.<\/li>\n\n\n\n<li>\u0417\u0430\u0441\u0435\u043b\u044c\u0441\u043a\u0438\u0439 \u0410. \u041c. <em>\u0415\u043b\u0435\u043a\u0442\u0440\u0438\u0447\u0435\u0441\u043a\u0430\u044f \u0434\u0443\u0433\u0430 \u043e\u0442\u043a\u043b\u044e\u0447\u0435\u043d\u0438\u044f<\/em>. \u041c.&nbsp;: \u0413\u043e\u0441\u0443\u0434\u0430\u0440\u0441\u0442\u0432\u0435\u043d\u043d\u043e\u0435 \u044d\u043d\u0435\u0440\u0433\u0435\u0442\u0438\u0447\u0435\u0441\u043a\u043e\u0435 \u0438\u0437\u0434\u0430\u0442\u0435\u043b\u044c\u0441\u0442\u0432\u043e, 1963. 267 \u0441<\/li>\n<\/ol>\n\n\n\n<figure class=\"wp-block-image size-large is-resized\"><a href=\"https:\/\/jrn.isi.gov.ua\/sb\/sb37\/37_211-219.pdf\"><img loading=\"lazy\" decoding=\"async\" width=\"1024\" height=\"336\" src=\"https:\/\/jrn.isi.gov.ua\/wp-content\/uploads\/2023\/08\/Button3-1024x336.png\" alt=\"\" class=\"wp-image-3996\" style=\"width:200px\" srcset=\"https:\/\/jrn.isi.gov.ua\/wp-content\/uploads\/2023\/08\/Button3-1024x336.png 1024w, https:\/\/jrn.isi.gov.ua\/wp-content\/uploads\/2023\/08\/Button3-300x98.png 300w, https:\/\/jrn.isi.gov.ua\/wp-content\/uploads\/2023\/08\/Button3-766x251.png 766w, https:\/\/jrn.isi.gov.ua\/wp-content\/uploads\/2023\/08\/Button3-1536x503.png 1536w, https:\/\/jrn.isi.gov.ua\/wp-content\/uploads\/2023\/08\/Button3-2048x671.png 2048w, https:\/\/jrn.isi.gov.ua\/wp-content\/uploads\/2023\/08\/Button3-458x150.png 458w, https:\/\/jrn.isi.gov.ua\/wp-content\/uploads\/2023\/08\/Button3-100x33.png 100w, https:\/\/jrn.isi.gov.ua\/wp-content\/uploads\/2023\/08\/Button3-1068x350.png 1068w, https:\/\/jrn.isi.gov.ua\/wp-content\/uploads\/2023\/08\/Button3-788x258.png 788w, https:\/\/jrn.isi.gov.ua\/wp-content\/uploads\/2023\/08\/Button3.png 180w\" sizes=\"auto, (max-width: 1024px) 100vw, 1024px\" \/><\/a><\/figure>\n","protected":false},"excerpt":{"rendered":"<p>\u0413\u043e\u043b\u0443\u0431 \u0422\u0435\u0442\u044f\u043d\u0430 \u0421\u0435\u0440\u0433\u0456\u0457\u0432\u043d\u0430, \u043a.\u0442.\u043d., \u0441.\u043d.\u0441., \u0406\u043d\u0441\u0442\u0438\u0442\u0443\u0442 \u0447\u043e\u0440\u043d\u043e\u0457 \u043c\u0435\u0442\u0430\u043b\u0443\u0440\u0433\u0456\u0457 \u0456\u043c. \u0417. \u0406. \u041d\u0435\u043a\u0440\u0430\u0441\u043e\u0432\u0430 \u041d\u0410\u041d \u0423\u043a\u0440\u0430\u0457\u043d\u0438, \u043f\u043b\u043e\u0449\u0430 \u0410\u043a\u0430\u0434\u0435\u043c\u0456\u043a\u0430 \u0421\u0442\u0430\u0440\u043e\u0434\u0443\u0431\u043e\u0432\u0430, 1, \u0414\u043d\u0456\u043f\u0440\u043e, 49107, \u0423\u043a\u0440\u0430\u0457\u043d\u0430. ORCID: 0000-0001-9269-2953. E-mail: dove@email.ua \u041c\u043e\u043b\u0447\u0430\u043d\u043e\u0432 \u041b\u0430\u0432\u0440 \u0421\u0435\u0440\u0433\u0456\u0439\u043e\u0432\u0438\u0447, \u043a.\u0442.\u043d., \u0437\u0430\u0432. \u0432\u0456\u0434\u0434\u0456\u043b\u043e\u043c, \u0406\u043d\u0441\u0442\u0438\u0442\u0443\u0442 \u0447\u043e\u0440\u043d\u043e\u0457 \u043c\u0435\u0442\u0430\u043b\u0443\u0440\u0433\u0456\u0457 \u0456\u043c. \u0417. \u0406. \u041d\u0435\u043a\u0440\u0430\u0441\u043e\u0432\u0430 \u041d\u0410\u041d \u0423\u043a\u0440\u0430\u0457\u043d\u0438, \u043f\u043b\u043e\u0449\u0430 \u0410\u043a\u0430\u0434\u0435\u043c\u0456\u043a\u0430 \u0421\u0442\u0430\u0440\u043e\u0434\u0443\u0431\u043e\u0432\u0430, 1, \u0414\u043d\u0456\u043f\u0440\u043e, 49107, \u0423\u043a\u0440\u0430\u0457\u043d\u0430. ORCID: 0000-0001-6139-5956. E-mail: metall729321@gmail.com \u0421\u0435\u043c\u0438\u043a\u0456\u043d \u0421\u0435\u0440\u0433\u0456\u0439 \u0406\u0432\u0430\u043d\u043e\u0432\u0438\u0447, \u043a.\u0442.\u043d., [&hellip;]<\/p>\n","protected":false},"author":4,"featured_media":0,"parent":0,"menu_order":0,"comment_status":"closed","ping_status":"closed","template":"","meta":{"footnotes":""},"class_list":["post-4461","page","type-page","status-publish","hentry"],"_links":{"self":[{"href":"https:\/\/jrn.isi.gov.ua\/index.php?rest_route=\/wp\/v2\/pages\/4461","targetHints":{"allow":["GET"]}}],"collection":[{"href":"https:\/\/jrn.isi.gov.ua\/index.php?rest_route=\/wp\/v2\/pages"}],"about":[{"href":"https:\/\/jrn.isi.gov.ua\/index.php?rest_route=\/wp\/v2\/types\/page"}],"author":[{"embeddable":true,"href":"https:\/\/jrn.isi.gov.ua\/index.php?rest_route=\/wp\/v2\/users\/4"}],"replies":[{"embeddable":true,"href":"https:\/\/jrn.isi.gov.ua\/index.php?rest_route=%2Fwp%2Fv2%2Fcomments&post=4461"}],"version-history":[{"count":1,"href":"https:\/\/jrn.isi.gov.ua\/index.php?rest_route=\/wp\/v2\/pages\/4461\/revisions"}],"predecessor-version":[{"id":4465,"href":"https:\/\/jrn.isi.gov.ua\/index.php?rest_route=\/wp\/v2\/pages\/4461\/revisions\/4465"}],"wp:attachment":[{"href":"https:\/\/jrn.isi.gov.ua\/index.php?rest_route=%2Fwp%2Fv2%2Fmedia&parent=4461"}],"curies":[{"name":"wp","href":"https:\/\/api.w.org\/{rel}","templated":true}]}}