{"id":1708,"date":"2020-12-15T11:27:12","date_gmt":"2020-12-15T09:27:12","guid":{"rendered":"https:\/\/jrn.isi.gov.ua\/?page_id=1708"},"modified":"2023-08-12T21:40:52","modified_gmt":"2023-08-12T18:40:52","slug":"1708-2","status":"publish","type":"page","link":"https:\/\/jrn.isi.gov.ua\/?page_id=1708&lang=en","title":{"rendered":"DOI: 10.52150\/2522-9117-2019-33-193-204"},"content":{"rendered":"<p style=\"text-align: left;\"><strong><a href=\"https:\/\/jrn.isi.gov.ua\/sb\/33%20Articlel%2004%20print\/33%20193-204.pdf\"><img loading=\"lazy\" decoding=\"async\" class=\"alignnone wp-image-1799\" src=\"https:\/\/jrn.isi.gov.ua\/wp-content\/uploads\/2021\/01\/Button-300x99.png\" alt=\"\" width=\"194\" height=\"64\" \/><\/a><\/strong><\/p>\n<p style=\"text-align: left;\"><strong>Togobitskaya Daria Nikolaevna,<\/strong>\u00a0Dr. Sci. (Engin.), Professor, Head of the Department, Iron and Steel Institute named after Z.I. Nekrasov of the NAS of Ukraine, Academican Starodubova square, 1, Dnipro, Ukraine, 49107; email: dntog@ukr.net, isi-ofhp@mail.ru ORCID 0000-0001-6413-4823<br \/>\n<strong>Bel\u2019kova Alla Ivanovna.<\/strong>, PhD (Engin.), Senior Research Scientist, Iron and Steel Institute named after Z.I. Nekrasov of the NAS of Ukraine, Academican Starodubova square, 1, Dnipro, Ukraine, 49107; e-mail: alla2904b8@gmail.com, allabelkova8@mail.ru, ORCID 0000-0001-8519-9351<br \/>\n<strong>Stepanenko Dmitry Alexandrovich<\/strong>, PhD (Engin.), Senior Researcher, Institute named after Z.I. Nekrasov of the NAS of Ukraine, Academican Starodubova square, 1, Dnipro, Ukraine, 49107; e-mail: d.gorodenskiy@gmail.com, Gorodenskiy@i.ua, ORCID 0000-0002-0184-8295<\/p>\n<h2 style=\"text-align: left;\"><strong>Development of a knowledge base for modeling the physicochemical <\/strong><strong>properties of metallurgical systems and processes<\/strong><\/h2>\n<p style=\"text-align: left;\"><strong>Summary.<\/strong> The Institute of Ferrous Metallurgy created the Knowledge Base \u201cMetallurgy\u201d (BDMet). It can be used to model the physicochemical properties of metallurgical systems and processes based on modern computer information technology. The aim of the work is to develop the fundamental foundations and identify the main directions of development of PMD, expand the presentation of fundamental, technological and regulatory reference information for analysis and multi-criteria optimization of technological processes. A component of BDMet is also the Base of models of metallurgical systems and technological processes, applied and theoretical research software. The database contains experimental data on the physicochemical properties of metal and slag melts formed from the corresponding charge materials in reducing and oxidizing conditions. The results of relevant scientific and applied developments of the department of physicochemical problems of metallurgical processes are shown. It is noted that the presence in the BDMet of the stock of models according to redistribution and a unified methodology for their creation on a modular basis allows the generation of models into a single end-to-end model. It also allows you to identify the optimal scheme of metallurgical processes and ensure the production of metal of a given quality in the framework of end-to-end technology. It is shown that the use allows us to solve the problems of optimization of technological processes for the production of iron and steel. The prospects for the development of further studies for systemic accumulation in the databases of documentary factual data and experimental information on the properties of metal and slag melts, as well as their further use in reduction and oxidation processes of metallurgical production, are determined.<br \/>\n<strong>Keywords:<\/strong> database, model database, knowledge base, physicochemical and mathematical modeling, physicochemical properties of systems, metallurgical processes.<\/p>\n<p style=\"text-align: left;\"><strong>References<\/strong><br \/>\n1. Togobitskaya D.N., Zhmoydin G.I. Problema informatsionnogo obespecheniya teoreticheskoy i prikladnoy metallurgii. Izvestiya AN SSSR. Metallurgiya. Metally. \u2013 1991. \u2013 \u21164. \u2013 Pp.217\u2013220.<br \/>\n2. Prikhod&#8217;ko E.V., D.N. Togobitskaya. Rol&#8217; informatsionnykh tekhnologiy v povyshenii kachestva metalloproduktsii. Naukov\u00ed prats\u00ed \u00abSuchasn\u00ed problemi metalurg\u00ed\u00ed<br \/>\n\u0308\u00bb. Matematicheskiy NPK \u00abProblemnyye i perspektivnyye konkurentno-proizvodstvennyye kompleksy v Ukraine\u00bb. Dn\u00edpropetrov&#8217;k. \u2013 2001. \u2013 \u0422.3. \u2013 Pp.450-462.<br \/>\n3. Prikhod&#8217;ko E.V. Prognozirovaniye fiziko-khimicheskikh svoystv oksidnykh sistem. [E.V. Prikhod&#8217;ko, D.N. Togobitskaya, A.F. Khamkhot&#8217;ko, D.A. Stepanenko]. Dnepropetrovsk: Porogi. \u2013 2013. \u2013 339 p.<br \/>\n4. Togobitskaya D.N. Osnovy upravleniya vlast&#8217;yu &#8211; informatsionnaya baza model&#8217;nykh tekhnologiy metallurgii i protsessov. [D.N. Togobitskaya, A.\u00cd. B\u00eal&#8217;kova, D.O Stepanenko, Yu.M. Likhachov, I.R. Snigura]. Matriali MNTK \u00abInformatsionnyye tekhnologii v metallurgii i mashinostroyenii\u00bb. Dn\u00edpro: NmetAU. \u2013 2019. \u2013 Pp. 37.<br \/>\n5. Togobitskaya D.N. Domashniy plavatel&#8217;nyy basseyn. [D.N. Togobitskaya, A.I. Bel&#8217;kova, D.A. Stepanenko i dr.]. Metallurgicheskaya i gornorudnaya promyshlennost&#8217;. Dnepropetrovsk. \u2013 2016. \u2013 \u2116 3. \u2013 Pp. 11-18.<br \/>\n6. Togobitskaya D. N. Experience of Using the Integral Indicator of the Domain Charge in Selecting the Basic Mode of the Domain Melt. [D.N. Togobitskaya, A.I. Bel\u2019kova, I.G. Murav\u2019eva, D.A. Stepanenko]. Steel in Translation. \u2013 2018. \u2013 Vol. 48. \u2013 \u2116. 10. \u2013 Pp. 652-658.<br \/>\n7. Pat. 110435 S2 Ukra\u00ed\u0308na, MPK (2015.1) S21V 5\/00. Spos\u00edb vedennya domenno\u00ed \u0308 plavki: Pat. 110435 S2\u00a0 Ukra\u00ed\u0308na, MPK (2015.1) S21V 5\/00 [D.M. Togobitskaya, A.I. B\u00eal&#8217;kova, D.O. Stepanenko, M.A. Gladkov,<br \/>\nO.S. Skachko]. (Ukra\u00ed\u0308na) \u2013 \u2116 a201409407; Zayavleno 26.08.2014; Opubl. 25.12.2015, Byul. \u211624.\u2013 5\u0441.<br \/>\n8. Pat. 110572 S2 Ukra\u00ed\u0308na, MPK (2015.1) S21V 5\/00. Spos\u00edb domenno\u00ed\u0308 plavki lugovm\u00edsno\u00ed \u0308 shikhti: Pat. 110572 S2 Ukra\u00ed\u0308na, MPK (2015.1) S21V 5\/00 [D.M. Togobitskaya, N.A. Ts\u00edvata, A.I. B\u00eal&#8217;kova, D.O. Stepanenko], (Ukra\u00ed\u0308na) \u2013 \u2116 a201411529; Zayavleno 23.10.2014; Opubl. 12.01.2016, Byul. \u21161. \u2013 4\u0441.<br \/>\n9. Pat. 107387 S2 Ukra\u00ed\u0308na, MPK (2014.1) C21D 5\/00. Spos\u00edb dosl\u00eddzhennya fazovykh peretvoren&#8217; rozplav\u00edv yelektrol\u00edtu. [D.O. Stepanenko, D.N. Togobitskaya, A.F. Khamkhot&#8217;ko], (Ukra\u00ed\u0308na) \u2013 \u2116 a201301986; Zayavleno 18.02.2013; Opubl. 25.12.2014, Byul. \u2116 24. \u2013 3 \u0441.<br \/>\n10. Togobitskaya D.N. Prognozirovaniye svoystv ferrosplavov dlya ekspertnoy otsenki effektivnosti ikh ispol&#8217;zovaniya pri dovodke stali na UPK. [D.N. Togobitskaya, V.P. Piptyuk, A.F. Petrov, S.V. Grekov]. Metallurg.<br \/>\nRossiya. \u2013 2018. \u2013 \u211611. \u2013Pp.27-32.<br \/>\n11. Togobitskaya D.N. Metodika vibrokhimicheskogo sklada stala v predelakh diapazona, reglamentirovannogo GOSTom, yakoby zablagovremennoy stabilizatsii mekhan\u00edchnikh vlastivostey. ]D.N. Togobitskaya, I.R. Snigura, A.S. Kozachek]. Avtorskoye pravo na nauchnyy trud (metodika skladskogo<br \/>\nucheta) \u211670524; Data re\u00eastrats\u00ed\u00ed \u0308 20.02.2017.<br \/>\n12. Togobitskaya D.N. Sistemnyy podkhod k vyboru optimal&#8217;nogo elementnogo sostava stali, obespechivayushchiy trebuyemyy uroven&#8217; mekhanicheskikh svoystv. [D.N. Togobitskaya, V.P. Piptyuk, I.N. Logozinskiy i dr.] Sistemnyye tekhnologii. Regional&#8217;nyy sbornik nauchnykh trudov. \u2013 Dnepropetrovsk. \u2013 2015. \u2013 Vyp.2(97). \u2013 Pp.91-97.<br \/>\n13. Togobitskaya D.N. Mikrolegirovaniye stali 14KH17N2 borom v usloviyakh PAO \u00abDneprospetsstal&#8217;\u00bb. [D.N. Togobitskaya, V.P. Piptyuk, O.V. Kuksa i dr.]. Metallurgicheskaya i gornorudnaya promyshlennost&#8217;. \u2013 Dnepropetrovsk. \u2013 \u21161. \u2013 2016. \u2013 Pp.40-45.<br \/>\n14. Babachenko A.I. Fiziko-khimicheskiye kriterii i modeli dlya otsenki vliyaniya khimicheskogo sostava na svoystva kolesnoy stali\/ [A.I. Babachenko, D.N. Togobitskaya, A.S. Kozachek]. Naukov\u00ed v\u00edst\u00ed. Suchasn\u00ed problemi metalurg\u00ed\u00ed \u0308. \u2013 Dn\u00edpropetrovs&#8217;k. \u2013 2014. \u2013 \u211616. \u2013 P.89.<\/p>\n","protected":false},"excerpt":{"rendered":"<p>Togobitskaya Daria Nikolaevna,\u00a0Dr. Sci. (Engin.), Professor, Head of the Department, Iron and Steel Institute named after Z.I. Nekrasov of the NAS of Ukraine, Academican Starodubova square, 1, Dnipro, Ukraine, 49107; email: dntog@ukr.net, isi-ofhp@mail.ru ORCID 0000-0001-6413-4823 Bel\u2019kova Alla Ivanovna., PhD (Engin.), Senior Research Scientist, Iron and Steel Institute named after Z.I. Nekrasov of the NAS of [&hellip;]<\/p>\n","protected":false},"author":1,"featured_media":0,"parent":0,"menu_order":0,"comment_status":"closed","ping_status":"closed","template":"","meta":{"footnotes":""},"class_list":["post-1708","page","type-page","status-publish","hentry"],"_links":{"self":[{"href":"https:\/\/jrn.isi.gov.ua\/index.php?rest_route=\/wp\/v2\/pages\/1708","targetHints":{"allow":["GET"]}}],"collection":[{"href":"https:\/\/jrn.isi.gov.ua\/index.php?rest_route=\/wp\/v2\/pages"}],"about":[{"href":"https:\/\/jrn.isi.gov.ua\/index.php?rest_route=\/wp\/v2\/types\/page"}],"author":[{"embeddable":true,"href":"https:\/\/jrn.isi.gov.ua\/index.php?rest_route=\/wp\/v2\/users\/1"}],"replies":[{"embeddable":true,"href":"https:\/\/jrn.isi.gov.ua\/index.php?rest_route=%2Fwp%2Fv2%2Fcomments&post=1708"}],"version-history":[{"count":4,"href":"https:\/\/jrn.isi.gov.ua\/index.php?rest_route=\/wp\/v2\/pages\/1708\/revisions"}],"predecessor-version":[{"id":3926,"href":"https:\/\/jrn.isi.gov.ua\/index.php?rest_route=\/wp\/v2\/pages\/1708\/revisions\/3926"}],"wp:attachment":[{"href":"https:\/\/jrn.isi.gov.ua\/index.php?rest_route=%2Fwp%2Fv2%2Fmedia&parent=1708"}],"curies":[{"name":"wp","href":"https:\/\/api.w.org\/{rel}","templated":true}]}}