{"id":1408,"date":"2020-12-09T12:09:07","date_gmt":"2020-12-09T10:09:07","guid":{"rendered":"https:\/\/jrn.isi.gov.ua\/?page_id=1408"},"modified":"2023-08-10T22:02:14","modified_gmt":"2023-08-10T19:02:14","slug":"1408-2","status":"publish","type":"page","link":"https:\/\/jrn.isi.gov.ua\/?page_id=1408&lang=en","title":{"rendered":"DOI: 10.52150\/2522-9117-2018-32-137-150"},"content":{"rendered":"<p style=\"text-align: left;\"><strong><a href=\"https:\/\/jrn.isi.gov.ua\/sb\/Full%2032\/32%20137-150.pdf\"><img loading=\"lazy\" decoding=\"async\" class=\"alignnone wp-image-1799\" src=\"https:\/\/jrn.isi.gov.ua\/wp-content\/uploads\/2021\/01\/Button-300x99.png\" alt=\"\" width=\"194\" height=\"64\" \/><\/a><\/strong><\/p>\n<p style=\"text-align: left;\"><strong>Stepanenko Dmitry Alexandrovich,<\/strong> PhD (Engin.), Senior Researcher, Institute named after Z.I. Nekrasov of the NAS of Ukraine, Academican Starodubova square, 1, Dnipro, Ukraine, 49107; e-mail:d.gorodenskiy@gmail.com, Gorodenskiy@i.ua, ORCID 0000-0002-0184-8295<\/p>\n<p><strong>Tsyupa Natalia Oleksandrivna,<\/strong> PhD, Senior Researcher, Iron and Steel Institute named after Z.I. Nekrasov of the NAS of Ukraine, Academican Starodubova square, 1, Dnipro, Ukraine, 49107; e-mail: tysya6669@mail.ru, t.kirill.90@yandex.com<\/p>\n<p><strong>Bel\u2019kova Alla Ivanovna.,<\/strong> PhD (Engin.), Senior Research Scientist, Iron and Steel Institute named after Z.I. Nekrasov of the NAS of Ukraine, Academican Starodubova square, 1, Dnipro, Ukraine, 49107; e-mail: alla2904b8@gmail.com, allabelkova8@mail.ru, ORCID 0000-0001-8519-9351<\/p>\n<p><strong>Skachko Alexander Sergeevich,<\/strong> PhD (Engin.), Researcher, Iron and Steel Institute named after Z.I. Nekrasov of the NAS of Ukraine, Academic square Starodubova, 1, Dnipro, Ukraine, 49107<\/p>\n<h3 style=\"text-align: left;\"><strong>Analytical and experimental study of the thermophysical properties of <\/strong><strong>blast furnace slag melts in the conditions of blast furnaces of Ukraine<\/strong><\/h3>\n<p style=\"text-align: left;\"><strong>Abstract.<\/strong> The aim of the work is to establish patterns of influence of the chemical composition of blast-furnace slags on the thermophysical properties of their melts, which is relevant to ensure high technical and economic indicators of the blast furnace. Experimental studies of the temperature of molten iron and slag at their release from a blast furnace with a volume of 1500 m3 have been carried out. It is shown that the temperatures of iron and slag have almost identical values and vary in the range of 1451\u00f71487\u00b0\u0421. On a Anton Paar rotary rheometer, viscosity measurements were made in the temperature range of 1320 \u00f7 15000\u0421 and it was shown that the viscosity of slags from the blast furnace output exceeds its optimal value of 0.3 Pa.second. Based on the correlation-regression analysis of the literature data and the performed experimental studies, the enthalpy of the melts was determined as a function of the chemical composition of blast-furnace slags, which are represented through stoichiometry (\u03c1) and temperature. It is shown that when temperature fluctuations of slag melts in the range of 1453 \u00f7 1487\u00b0\u0421 their enthalpy changes in the range of 1933\u00f72031 kJ\/kg. A predictive model for calculating the enthalpy of blast-furnace slags is proposed. On the basis of the proposed predictive model, the enthalpy of blast furnace slags for a blast furnace with a volume of 1500 m3 was calculated taking into account their actual temperatures<br \/>\nat the outlet.<br \/>\n<strong>Keywords:<\/strong> blast furnace slag, experiment, thermal properties of slags, viscosity, enthalpy, predictive model.<\/p>\n<p style=\"text-align: left;\"><strong>Reference<\/strong><br \/>\n1. Gotlib A.D. Domennyy protsess. \u2013 M.: \u00abMetallurgiya\u00bb. \u2013 1966. \u2013 503 s.<br \/>\n2. Yaroshevskiy S.L., Gayvoronskiy YA.S., Popov N. N. Kontrol&#8217; teplovogo sostoyaniya gorna domennoy pechi. \u2013 K.: Tekhnika. \u2013 1968. \u2013 184s.<br \/>\n3. Voskoboynikov V.G. Svoystva zhidkikh domennykh shlakov. [V.G. Voskoboynikov, N.Ye. Dunayev, A.G. Mikhlevich i dr.]. \u2013M.: Metallurgiya. -1975. -184 s.<br \/>\n4. Zhmoydin G.I., Togobitskaya D.N. Problema informatsionnogo obespecheniya teoreticheskoy i prikladnoy metallurgii. Metally. \u20131991. &#8211; \u21163. &#8211; S.218-221.<br \/>\n5. Togobitskaya D.N., Khamkhot&#8217;ko A.F., Likhachev YU.M. Optimizatsiya metallurgicheskikh tekhnologiy i kontseptsiya sozdaniya informatsionnointellektual&#8217;nykh system. Fundamental&#8217;nyye i prikladnyye problemy<br \/>\nmetallurgii. -Kiyev: Naukova dumka. \u20131995. \u2013 S.242-249.<br \/>\n6. Prikhod&#8217;ko E.V., Togobitskaya D.N. Bazy fiziko-khimicheskikh i tekhnologicheskikh dannykh dlya sozdaniya informatsionnykh tekhnologiy v metallurgii. Metallurgicheskaya i gornorudnaya promyshlennost&#8217;.- 1999. \u2013 \u21163. \u2013 C. 17-21.<br \/>\n7. Togobitskaya D.N. bazy viskozimetricheskikh dannykh dlya rascheta kristallizatsionnoy sposobnosti metallurgicheskikh shlakov. [D.N. Togobitskaya, A.F. Khamkhot&#8217;ko, YU.M. Likhachev, D.A. Stepanenko]. Fundamental&#8217;nyye i prikladnyye problemy chernoy metallurgii. \u2013 2008. \u2013 vyp. 18. \u2013 S. 200-209.<br \/>\n8. Togobitskaya D.N. \u00cdnformats\u00edyno-anal\u00edtichna sistema dlya dosl\u00edd hennya kristal\u00ed ats\u00edyno\u00ed<br \/>\ndatnost\u00ed metalurg\u00edynikh shlak\u00edv. [D.M. Togobits&#8217;ka, D.O. Stepanenko, A.F. Khamkhot&#8217;ko, YU.M. L\u00edkhachov]. Sistemn tekhnologii. &#8211; Dnipropetrovs&#8217;k. \u2013 2010. \u2013 Vip. 2 (67). \u2013 S. 74-80.<br \/>\n9. Gavrilko S.A. Issledovaniye teplofizicheskikh svoystv domennykh shlakov i peredel&#8217;nykh chugunov. [S.A. Gavrilko, YU.V. Moiseyko, S.A. Cherepanov i dr.]. Metaluggia. \u2013 Zaporizza: ZD\u00cdA, 2006. \u2013 Vip. 13. \u2013 S. 106-112.<br \/>\n10. Il&#8217;chenko K.D., Chechenev V.A., Ivashchenko V.P., Tereshchenko V.S. Teplofizicheskiye svoystva promyshlennykh materialov: Spravochnik. \u2013 Dnepropetrovsk: S\u00edch. \u2013 152 s.<br \/>\n11. Usachev A.B., Balasanov A.V., Churgel&#8217; V.O., Vil&#8217;danov S.K. Issledovaniye fizicheskikh svoystv shlakov protsessa zhidkofaznogo vosstanovleniya zheleza ROMELT. \u2013 Izv.vuzov. Chernaya metallurgiya. -1997. -\u21161. \u2013 S.27-30.<br \/>\n12. Pribory avtomaticheskiye sledyashchego uravnoveshivaniya KSM2, KSM2I, KSP2, KSP2I, KSU2. Tekhnicheskoye opisaniye i instruktsiya po ekspluatatsii TO-994&#8243;.<br \/>\n13. Prikhod&#8217;ko E. V. Prognozirovaniye fiziko-khimicheskikh svoystv oksidnykh system. [E.V. Prikhod&#8217;ko, D.N. Togobitskaya, A.F. Khamkhot&#8217;ko, D.A. Stepanenko]. &#8211; Dnepropetrovsk: Porogi, 2013. \u2013 344s<\/p>\n","protected":false},"excerpt":{"rendered":"<p>Stepanenko Dmitry Alexandrovich, PhD (Engin.), Senior Researcher, Institute named after Z.I. Nekrasov of the NAS of Ukraine, Academican Starodubova square, 1, Dnipro, Ukraine, 49107; e-mail:d.gorodenskiy@gmail.com, Gorodenskiy@i.ua, ORCID 0000-0002-0184-8295 Tsyupa Natalia Oleksandrivna, PhD, Senior Researcher, Iron and Steel Institute named after Z.I. Nekrasov of the NAS of Ukraine, Academican Starodubova square, 1, Dnipro, Ukraine, 49107; e-mail: [&hellip;]<\/p>\n","protected":false},"author":1,"featured_media":0,"parent":0,"menu_order":0,"comment_status":"closed","ping_status":"closed","template":"","meta":{"footnotes":""},"class_list":["post-1408","page","type-page","status-publish","hentry"],"_links":{"self":[{"href":"https:\/\/jrn.isi.gov.ua\/index.php?rest_route=\/wp\/v2\/pages\/1408","targetHints":{"allow":["GET"]}}],"collection":[{"href":"https:\/\/jrn.isi.gov.ua\/index.php?rest_route=\/wp\/v2\/pages"}],"about":[{"href":"https:\/\/jrn.isi.gov.ua\/index.php?rest_route=\/wp\/v2\/types\/page"}],"author":[{"embeddable":true,"href":"https:\/\/jrn.isi.gov.ua\/index.php?rest_route=\/wp\/v2\/users\/1"}],"replies":[{"embeddable":true,"href":"https:\/\/jrn.isi.gov.ua\/index.php?rest_route=%2Fwp%2Fv2%2Fcomments&post=1408"}],"version-history":[{"count":5,"href":"https:\/\/jrn.isi.gov.ua\/index.php?rest_route=\/wp\/v2\/pages\/1408\/revisions"}],"predecessor-version":[{"id":3844,"href":"https:\/\/jrn.isi.gov.ua\/index.php?rest_route=\/wp\/v2\/pages\/1408\/revisions\/3844"}],"wp:attachment":[{"href":"https:\/\/jrn.isi.gov.ua\/index.php?rest_route=%2Fwp%2Fv2%2Fmedia&parent=1408"}],"curies":[{"name":"wp","href":"https:\/\/api.w.org\/{rel}","templated":true}]}}