{"id":1405,"date":"2020-12-09T12:07:29","date_gmt":"2020-12-09T10:07:29","guid":{"rendered":"https:\/\/jrn.isi.gov.ua\/?page_id=1405"},"modified":"2023-08-10T22:01:36","modified_gmt":"2023-08-10T19:01:36","slug":"1405-2","status":"publish","type":"page","link":"https:\/\/jrn.isi.gov.ua\/?page_id=1405&lang=en","title":{"rendered":"DOI: 10.52150\/2522-9117-2018-32-118-135"},"content":{"rendered":"<p style=\"text-align: left;\"><strong><a href=\"https:\/\/jrn.isi.gov.ua\/sb\/Full%2032\/32%20118-136%20.pdf\"><img loading=\"lazy\" decoding=\"async\" class=\"alignnone wp-image-1799\" src=\"https:\/\/jrn.isi.gov.ua\/wp-content\/uploads\/2021\/01\/Button-300x99.png\" alt=\"\" width=\"194\" height=\"64\" \/><\/a><\/strong><\/p>\n<p style=\"text-align: left;\"><strong>Togobitskaya Daria Nikolaevna,<\/strong> Dr. Sci. (Engin.), Professor, Head of the Department, Iron and Steel Institute named after Z.I. Nekrasov of the NAS of Ukraine, Academican Starodubova square, 1, Dnipro, Ukraine, 49107; email: dntog@ukr.net, isi-ofhp@mail.ru ORCID 0000-0001-6413-4823<\/p>\n<p><strong>Bel\u2019kova Alla Ivanovna.,<\/strong> PhD (Engin.), Senior Research Scientist, Iron and Steel Institute named after Z.I. Nekrasov of the NAS of Ukraine, Academican Starodubova square, 1, Dnipro, Ukraine, 49107; e-mail: alla2904b8@gmail.com, allabelkova8@mail.ru, ORCID 0000-0001-8519-9351<\/p>\n<p><strong>Stepanenko Dmitry Alexandrovich,<\/strong> PhD (Engin.), Senior Researcher, Institute named after Z.I. Nekrasov of the NAS of Ukraine, Academican Starodubova square, 1, Dnipro, Ukraine, 49107; e-mail: d.gorodenskiy@gmail.com, Gorodenskiy@i.ua, ORCID 0000-0002-0184-8295<\/p>\n<p><strong>Tsyupa Natalia Oleksandrivna,<\/strong> PhD, Senior Researcher, Iron and Steel Institute named after Z.I. Nekrasov of the NAS of Ukraine, Academican Starodubova square, 1, Dnipro, Ukraine, 49107; e-mail: tysya6669@mail.ru, t.kirill.90@yandex.com<\/p>\n<p><strong>Likhachev Yuri Mikhailovich<\/strong>, Researcher, Iron and Steel Institute named after Z.I. Nekrasov of the NAS of Ukraine, Academican Starodubova square, 1, Dnipro, Ukraine, 49107<\/p>\n<h3 style=\"text-align: left;\"><strong>Prediction of the properties of blast furnace slag in modern conditions of blast <\/strong><strong>furnaces of Ukraine<\/strong><\/h3>\n<p style=\"text-align: left;\"><strong>Abstract<\/strong>. The aim of the work is the development of models for predicting the properties of final blast-furnace slags for the rapid assessment of the slag regime and the development of sound management recommendations when using various additives in the operating conditions of blast furnaces in Ukraine. A two-stage approach to calculating the properties of blast-furnace slag is proposed: according to the model of a \u201chomogeneous\u201d melt and taking into account its heterogeneity. A predictive model has been developed for calculating the viscosity of a \u00abhomogeneous\u00bb slag by including the account the individual effect on the viscosity of each component of the slag composition. The current production data of the chemical composition of the final slag shows the effect of the magnesia content, alkaline compounds, basicity, Al2O3\/MgO ratio on the calculated viscosity of the slags. For various operating conditions of blast<br \/>\nfurnaces, it has been shown that, due to incomplete combustion of coke and pulverized coal, the viscosity of slags increases by 1.5\u20132 times and their melting temperatures by 30\u2013500C. Comparative analysis of the calculated properties of slag for different operating conditions of 3 furnaces in Ukraine confirms the appropriateness of using a complex of predictive models for the rapid assessment of the technological properties of slag, which makes it possible to choose a rational slag mode in modern conditions of blast smelting.<br \/>\n<strong>Keywords:<\/strong> blast furnaces, final slags, property prediction, predictive model, slag mode.<\/p>\n<p style=\"text-align: left;\"><strong>Reference<\/strong><br \/>\n1. Gladkov N.A., Nikolayev S.A., Budnik L.G. Vliyaniye shchelochey na protsess domennoy plavki. Metallurgicheskaya i gornorudnaya promyshlennost&#8217;. -2004. &#8211; \u21162. \u2013S.12-14.<br \/>\n2. Klimanchuk V.V., Yaroshevskiy S.L., Klimanchuk V.V. Tekhnologiya i effektivnost&#8217; zameny prirodnogo gaza i chasti koksa pyleugol&#8217;nym toplivom v PAO \u00abMMK im. Il&#8217;icha\u00bb. Chernaya metallurgiya. \u2013 2014. \u21168. \u2013 S. 17-25.<br \/>\n3. Voskoboynikov V.G. Svoystva zhidkikh domennykh shlakov. [V.G. Voskoboynikov, N.Ye. Dunayev, A.G. Mikhalevich i dr.] \u2013 M.:Metallurgiya. \u20131975. \u2013184s.<br \/>\n4. Atlas shlakov. Sprav.izdaniye. [Per.s nem. G.I. Zhmoydina pod red. I.S. Kulikova.] \u2013 M.:Metallurgiya. \u20131985. \u2013208s.<br \/>\n5. Kuznetsov M.S. Issledovaniye vliyaniya svoystv domennogo shlaka na nagrev chuguna pri vduvanii pyleugol&#8217;nogo topliva. [M.S. Kuznetsov, G.YU. Kryachko, V.P. Poletayev, N.N. Valuyeva]. Vostochno-Yevropeyskiy zhurnal peredovykh tekhnologiy. \u2013 2018. &#8211; \u21161. \u2013 S. 63-70.<br \/>\n6. Zhilo N.L. Formirovaniye i svoystva domennykh shlakov. &#8211; M.: Metallurgiya, 1974. &#8211; 120s.<br \/>\n7. Yakubtsiner N.M. Vyazkost&#8217; i obesserivayushchaya sposobnost&#8217; domennykh shlakov. [N.M. Yakubtsiner, V.G. Manchinskiy, L.A. Panyushin]. Stal&#8217;. &#8211; 1968. &#8211; \u21163. &#8211; S.385-391.<br \/>\n8. Shatokha V.I. Problemy vybora shlakovogo rezhima domennoy plavki dlya metallurgicheskikh predpriyatiy Ukrainy v sovremennykh usloviyakh. Teoriya i praktika metallurgii. \u20131997. -\u21161. \u2013s.18-24.<br \/>\n9. MK\u00cd 7 21 5 00. Sposob vedennya domenno plavki: at. 62589 kra na, MK\u00cd 7 21 5 00 [A.V. Sokurenko, V.O. Sheremet, A.V. Kekukh, G.\u00cd. Orel, G.P. Kostenko, P.\u00cd. Otorvin, Ye.V. Prikhod&#8217;ko, D.M. Togobits&#8217;ka, A.F.\u00a0 Khamkhot&#8217;ko, M.M. Mozharenko, A.\u00cd. l kova kra na \u2013 \u21162003043309; Zayavleno 14.04.2003; Opu l. 15.12.2003, yul. \u211612.\u20136s.<br \/>\n10. Prikhod&#8217;ko E.V. Prognozirovaniye fiziko-khimicheskikh svoystv oksidnykh system. [E.V. Prikhod&#8217;ko, D.N. Togobitskaya, A.F. Khamkhot&#8217;ko, D.A. Stepanenko]. \u2013 Dnepropetrovsk: Porogi. \u2013 2013. \u2013 339 s.<br \/>\n11. Otorvin P.I. Sovershenstvovaniye shlakovogo rezhima domennoy plavki v syr&#8217;yevykh usloviyakh KGGMK \u00abKrivorozhstl&#8217;\u00bb. [P.I. Otorvin, D.N. Togobitskaya, A.I. Bel&#8217;kova i dr.]. Stal&#8217;. \u20132004. \u2013\u21166. \u2013S.24\u201328.<br \/>\n12. Pat. , M K 21 5 00. posob vedennya domenno plavki: at. 11142 krana, M K 21 5 00. A. . Sokurenko, V.O. Sheremet, A.V. Kekukh, G.\u00cd. Orel, G.P. Kostenko, V.S. Listopadov, G.\u00cd. Otorvin, Nin&#8217;, D.M. Togobits&#8217;ka, Ye.V. Prikhod&#8217;ko, A.F. Khamkhot ko, A.\u00cd. l kova, M.M. Mozharenko krana \u2013 \u2116 u200504989; Zayavl. 26.05.2005; Opubl.15.12.2005, yul. \u2116 12.\u2013 10 s.<br \/>\n13. Togobitskaya D.N. Algoritmicheskiye i programmnyye sredstva sistemy kontrolya i upravleniya\u00a0 hlakovym rezhimom domennoy plavki. [D.N. Togobitskaya, A.I. Bel&#8217;kova, A.YU. Grin&#8217;ko, D.A. Stepanenko].\u00a0 Sistemnyye tekhnologii. Regional&#8217;nyy sbornik nauchnykh trudov.\u2013 Dnepropetrovsk. \u2013 2013. \u2013 Vyp. 3 (86). \u2013<br \/>\nS. 9-14.<br \/>\n14. Togobitskaya D.N. Vliyaniye mikro\u2013 i makrogeterogennosti na svoystva domennykh shlakov. [D.N.\u00a0 Togobitskaya, A.F. Khamkhot&#8217;ko, D.A. Stepanenko i dr.]. Metallurgicheskaya i gornorudnaya promyshlennost&#8217;, \u21165, 2009. \u2013 S.12\u201315.<br \/>\n15. Stepanenko D.A. Otsenka vliyaniya koksovoy melochi na tekhnologicheskiye svoystva domennykh shlakov. [D.A. Stepanenko, A.F. Khamkhot&#8217;ko, A.D. Dzhigota]. Fundamental&#8217;nyye i prikladnyye problemy chernoy metallurgii. &#8211; Vypusk \u211623, 2011. \u2013 S.106\u2013112.<br \/>\n16. Zhilo N.L. K issledovaniyu vyazkosti pervichnykh shlakov. [N.L. Zhilo, A.V. Rudneva, G.A. Sokolov, L.M. Tsylev]. Izvestiya ANSSSR. OTN. -1957. -\u21162. &#8211; S.27-35.<\/p>\n","protected":false},"excerpt":{"rendered":"<p>Togobitskaya Daria Nikolaevna, Dr. Sci. (Engin.), Professor, Head of the Department, Iron and Steel Institute named after Z.I. Nekrasov of the NAS of Ukraine, Academican Starodubova square, 1, Dnipro, Ukraine, 49107; email: dntog@ukr.net, isi-ofhp@mail.ru ORCID 0000-0001-6413-4823 Bel\u2019kova Alla Ivanovna., PhD (Engin.), Senior Research Scientist, Iron and Steel Institute named after Z.I. Nekrasov of the NAS [&hellip;]<\/p>\n","protected":false},"author":1,"featured_media":0,"parent":0,"menu_order":0,"comment_status":"closed","ping_status":"closed","template":"","meta":{"footnotes":""},"class_list":["post-1405","page","type-page","status-publish","hentry"],"_links":{"self":[{"href":"https:\/\/jrn.isi.gov.ua\/index.php?rest_route=\/wp\/v2\/pages\/1405","targetHints":{"allow":["GET"]}}],"collection":[{"href":"https:\/\/jrn.isi.gov.ua\/index.php?rest_route=\/wp\/v2\/pages"}],"about":[{"href":"https:\/\/jrn.isi.gov.ua\/index.php?rest_route=\/wp\/v2\/types\/page"}],"author":[{"embeddable":true,"href":"https:\/\/jrn.isi.gov.ua\/index.php?rest_route=\/wp\/v2\/users\/1"}],"replies":[{"embeddable":true,"href":"https:\/\/jrn.isi.gov.ua\/index.php?rest_route=%2Fwp%2Fv2%2Fcomments&post=1405"}],"version-history":[{"count":5,"href":"https:\/\/jrn.isi.gov.ua\/index.php?rest_route=\/wp\/v2\/pages\/1405\/revisions"}],"predecessor-version":[{"id":3843,"href":"https:\/\/jrn.isi.gov.ua\/index.php?rest_route=\/wp\/v2\/pages\/1405\/revisions\/3843"}],"wp:attachment":[{"href":"https:\/\/jrn.isi.gov.ua\/index.php?rest_route=%2Fwp%2Fv2%2Fmedia&parent=1405"}],"curies":[{"name":"wp","href":"https:\/\/api.w.org\/{rel}","templated":true}]}}