{"id":1396,"date":"2020-12-09T12:01:41","date_gmt":"2020-12-09T10:01:41","guid":{"rendered":"https:\/\/jrn.isi.gov.ua\/?page_id=1396"},"modified":"2023-08-10T21:37:00","modified_gmt":"2023-08-10T18:37:00","slug":"1396-2","status":"publish","type":"page","link":"https:\/\/jrn.isi.gov.ua\/?page_id=1396&lang=en","title":{"rendered":"DOI: 10.52150\/2522-9117-2018-32-80-92"},"content":{"rendered":"<p style=\"text-align: left;\"><strong><a href=\"https:\/\/jrn.isi.gov.ua\/sb\/Full%2032\/32%20080-092.pdf\"><img loading=\"lazy\" decoding=\"async\" class=\"alignnone wp-image-1799\" src=\"https:\/\/jrn.isi.gov.ua\/wp-content\/uploads\/2021\/01\/Button-300x99.png\" alt=\"\" width=\"194\" height=\"64\" \/><\/a><\/strong><\/p>\n<p style=\"text-align: left;\"><strong>Nesterov Alexander Stanislavovich,<\/strong> PhD (Engin.), Senior Researcher, Head of Department; Iron and Steel Institute named after Z.I. Nekrasov of the NAS of Ukraine, Academican Starodubova square, 1, Dnipro, Ukraine, 49107; e-mail: asn.dnepr@ gmail.com; ORCID0000-0002-0183-0327<br \/>\n<strong>Garmash Larysa Ivanivna,<\/strong> \u0441 Research Scientist, Iron and Steel Institute named after Z.I. Nekrasovof the NAS of Ukraine, Academican Starodubova square, 1, Dnipro, Ukraine, 49107; e-mail:<br \/>\nlarysagar@gmail.com; ORCID 0000-0002-9540-3037<br \/>\n<strong>Boldenko Mikhail Grigorievich,<\/strong> Researcher, Iron and Steel Institute named after Z.I. Nekrasov of the NAS of Ukraine, Academican Starodubova square, 1, Dnipro, Ukraine,49107<br \/>\n<strong>Vergun Olga Alexandrovna,<\/strong> Research, Iron and Steel Institute named after Z.I. Nekrasovof the NAS of Ukraine, Academican Starodubova square, 1, Dnipro, Ukraine, 49107<br \/>\n<strong>Lopatenko Konstantin Petrovich,<\/strong> Researcher, Institute of Ferrous Metallurgy named after Z.I. Nekrasov National Academy of Sciences of Ukraine, Academician Starodubov Square, 1, Dnipro, Ukraine, 49107<\/p>\n<h3 style=\"text-align: left;\"><strong>Influence of surface-active substances on the processes of <\/strong><strong>agglomeration when the secondary resources are using<\/strong><\/h3>\n<p style=\"text-align: left;\"><strong>Abstract.<\/strong> A promising method of intensifying the process of sinter preparation preparation was investigated by using surfactants as an additional binding material. It is shown that surfactants provide efficient compaction of charge materials. The use of water-soluble surfactant additives (aminocrylate of<br \/>\nvarious compositions) when moistening the charge in the blending and pelletizing of charge materials positively affects the sintering performance and the quality of the finished sinter. An increase in the strength of the agglomerate during recovery, a decrease in abrasion, and an increase in the temperature of<br \/>\nthe maximum melt filtration were noted. An increase in the recoverability of the agglomerate and the associated decrease in the \u2015aggressiveness\u2016 of primary slags were also observed. When using surfactants, the duration of the process was reduced, and the vertical sintering rate increased from 1.0-1.8% to 6.1- 8.5%. The yield of the charge has increased by 0.4-2.4%, the strength index &#8211; by 0.4-2.2%. Analysis of the results of laboratory studies confirmed that the introduction of surfactants in moisturizing water can improve the quality of the mixture. In particular, the gas permeability of the charge is improved, the best<br \/>\nconditions for burning solid fuel and the process of liquid-phase sintering are provided, and the strength properties of the finished product are enhanced. The involvement of a part of metallurgical wastes in the fermentation domain complex allows to significantly expand the resource base of iron ore components, reduce the cost of input raw materials and improve the environmental situation.<br \/>\n<strong>Keywords:<\/strong> sintering mixture, secondary resources, surface-active substances (surfactants), sinter quality.<\/p>\n<p style=\"text-align: left;\"><strong>Reference<\/strong><br \/>\n1. Nazyuta L.YU., Kosolap N.V., Gubanova A.V. Analiz syr&#8217;yevoy bazy metallurgicheskogo proizvodstva: strategicheskiy aspekt. Zhelezorudnyye materialy. Metall i lit&#8217;ye Ukrainy, 2005, \u2116 9-10, S. 3-7<br \/>\n2. Nesterov A.S., Garmash L.I., Zakharchenko V.N. Sovremennoye sostoyaniye aglodomennogo proizvodstva v Ukraine i puti yego sovershenstvovaniya. Fundamental&#8217;nyye i prikladnyye problemy chernoy metallurgii. Vypusk 30. \u2013 2015 g. \u2013 S. 27-37.<br \/>\n3. Problemy ekologii i utilizatsii tekhnogennogo syr&#8217;ya v metallurgicheskom proizvodstve. [YU.S. Karabasov, YU.S. Yusfin, I.F. Kurunov i dr.]. \u2013 Metallurgiya, 2004. \u2013 \u2116 8. \u2013 S. 27-33.<br \/>\n4. K voprosu o sovershenstvovanii podgotovki zhelezo-rudnogo syr&#8217;ya k domennoy plavke. [A.S. Nesterov, L.I. Garmash, A.V. Pivnenko i dr.]. Fundamental&#8217;nyye i prikladnyye problemy chernoy metallurgii. Vypusk 29.\u2013 2014 g. \u2013 S. 64-74.<br \/>\n5. Ratsional&#8217;noye ispol&#8217;zovaniye metallurgicheskikh otkhodov v aglodomennom proizvodstve. [V.I. Bol&#8217;shakov, A.S. Nesterov, M.A. Gurkin i dr.]. Mezhdunarodnyy kongress \u201cDomennoye proizvodstvo-XXI vek\u201d: sb. Statey. Stal&#8217;. \u2013 2010. \u2013 \u21164.<br \/>\n6. Nesterov A.S. Tekhnologicheskiye osobennosti domennoy plavki pri ispol&#8217;zovanii v zhelezorudnoy chasti shikhty vysokoy doli vtorichnykh resursov. Proizvodstvennoye soveshchaniye \u00abSostoyaniye i perspektivy DP<br \/>\nUkrainy\u00bb, posvyashchennoye pamyati Dyshlevicha I.I.\u00bb, YEVRAZ-DMZ im.Petrovskogo, Dnepropetrovsk. \u2013 2015.<br \/>\n7. Nazyuta L.YU. Effektivnost&#8217; ispol&#8217;zovaniya v agloshikhte predpriyatiy Ukrainy vtorichnykh zhelezosoderzhashchikh materialov. Ekologiya i resursosberezheniye. \u2013 2007. \u2013 \u2116 3. \u2013 S.18-26.<br \/>\n8. Ispol&#8217;zovaniye vtorichnykh resursov chernoy metallurgii dlya uluchsheniya ekologicheskoy situatsii na predpriyatiyakh. [A.S. Nesterov, L.I. Garmash, N.V. Gorbatenko, O.A. Vergun]. Materialy konferentsii SPETS\u00cdAL&#8217;NA METALURG\u00cdYA: VCHORA, S&#8217;OGODN\u00cd, ZAVTRA http:\/\/smyttmetal.kpi.ua\/SMYTTXVI\/autho<br \/>\n9. Kombinirovannoye okomkovaniye aglomeratsionnoy shikhty v apparatakh barabannogo pita i tarel&#8217;chatykh granulyatorakh. [G.I. Isayenko, A.N. Saprykin, A.S. Kuznetsov i dr.]. Stal&#8217;. \u2014 2009. \u2116 5. \u2013 S. 2-7.<br \/>\n10. Babachenko A.I., Garmash L.I.. Povysheniye effektivnosti ispol&#8217;zovaniya vtorichnykh resursov v aglodomennom proizvodstve. Materialy konferentsii Tech today hub. M\u00edstse zustr\u00edch\u00ed nauki ta b\u00edznesu. &#8211;\u00a0 Dn\u00edpro. \u2013 2017. https:\/\/techtoday.in.ua\/wp-content\/uploads\/2017\/11\/04.-Povyisheniee%60ffektivnosti.pdf<br \/>\n11. Issledovaniye parametrov protsessa spekaniya aglomeratsionnykh shikht, obrabotannykh poverkhnostno-aktivnymi veshchestvami. [V.D. Bondarenko, V.G. Zyuz&#8217;, Z.Z. Pastushenko i dr.]. Teoriya i praktika metallurgii. \u2013 2010. \u2013 \u2116 1-2. \u2013 S.11-13.<br \/>\n12. Sibagatullin C.K., Ivanov A.B., Reshetova I.V. Primeneniye organicheskikh svyazuyushchikh komponentov v protsesse aglomeratsii zhelezorudnogo syr&#8217;ya. Vestnik MGTU im. Nosova. \u2013 2010. \u2013 \u2116 4, \u2013 S. 30-32.<br \/>\n13. Opyt primeneniya polimernykh svyazuyushchikh v metallurgicheskom proizvodstve. [S.V. Markova, A.A. Kiyk, I.V. Kormina, A.A. Ponomarenko. Stal&#8217;. \u2013 2013. \u2013 \u2116 7, \u2013 S.10-13.<br \/>\n14. Osnovnyye napravleniya povysheniya effektivnosti proizvodstva zhelezorudnogo aglomerata v Rossii. [I.S. Bersenev, M.P. Yershov, I.V. Kleyn i dr.] Stal&#8217;. \u2013 2014. \u2013 \u2116 8. \u2013 S.5-7.<br \/>\n15. Rezul&#8217;taty spekaniya i svoystva aglomerata iz shikht, podgotovlennykh s ispol&#8217;zovaniyem poverkhnostno-aktivnykh veshchestv. [A.S. Nesterov, V.S. Yakushev, M.G. Boldenko, L.I. Garmash i dr.] Fundamental&#8217;nyye i prikladnyye problemy chernoy metallurgii. Vypusk 25. \u2013 2012 g. \u2013 S. 43-51.<br \/>\n16. Sposob virobnitstva aglomeratu. [Fom\u00edn S.P., Yakushev V.S., Agapova V.T., Shishats&#8217;kiy A.G. ta \u00edn.] kra\u00ed<br \/>\nna. ekl. patent na korisnu model&#8217; \u2116 15188, kl. S 22V 5\/20. \u2013 Opubl. 15.06.2006. \u2013 Byul. \u2116 6, \u2013 s.35.<br \/>\n17. Gladkov N.A., Nesterov A.S. Protsessy v sloye zhelezorudnykh materialov pri yego nagrevanii\/ \/\/ Izvestiya AN SSSR. \u2013 Metally. \u2013 1987. \u2013 \u2116 3. \u2013 S.9-11.<br \/>\n18. Patent RF \u21162283877 Sposob opredeleniya metallurgicheskoy tsennosti domennogo zhelezorudnogo syr&#8217;ya.<\/p>\n","protected":false},"excerpt":{"rendered":"<p>Nesterov Alexander Stanislavovich, PhD (Engin.), Senior Researcher, Head of Department; Iron and Steel Institute named after Z.I. Nekrasov of the NAS of Ukraine, Academican Starodubova square, 1, Dnipro, Ukraine, 49107; e-mail: asn.dnepr@ gmail.com; ORCID0000-0002-0183-0327 Garmash Larysa Ivanivna, \u0441 Research Scientist, Iron and Steel Institute named after Z.I. Nekrasovof the NAS of Ukraine, Academican Starodubova square, [&hellip;]<\/p>\n","protected":false},"author":1,"featured_media":0,"parent":0,"menu_order":0,"comment_status":"closed","ping_status":"closed","template":"","meta":{"footnotes":""},"class_list":["post-1396","page","type-page","status-publish","hentry"],"_links":{"self":[{"href":"https:\/\/jrn.isi.gov.ua\/index.php?rest_route=\/wp\/v2\/pages\/1396","targetHints":{"allow":["GET"]}}],"collection":[{"href":"https:\/\/jrn.isi.gov.ua\/index.php?rest_route=\/wp\/v2\/pages"}],"about":[{"href":"https:\/\/jrn.isi.gov.ua\/index.php?rest_route=\/wp\/v2\/types\/page"}],"author":[{"embeddable":true,"href":"https:\/\/jrn.isi.gov.ua\/index.php?rest_route=\/wp\/v2\/users\/1"}],"replies":[{"embeddable":true,"href":"https:\/\/jrn.isi.gov.ua\/index.php?rest_route=%2Fwp%2Fv2%2Fcomments&post=1396"}],"version-history":[{"count":4,"href":"https:\/\/jrn.isi.gov.ua\/index.php?rest_route=\/wp\/v2\/pages\/1396\/revisions"}],"predecessor-version":[{"id":3832,"href":"https:\/\/jrn.isi.gov.ua\/index.php?rest_route=\/wp\/v2\/pages\/1396\/revisions\/3832"}],"wp:attachment":[{"href":"https:\/\/jrn.isi.gov.ua\/index.php?rest_route=%2Fwp%2Fv2%2Fmedia&parent=1396"}],"curies":[{"name":"wp","href":"https:\/\/api.w.org\/{rel}","templated":true}]}}