{"id":1390,"date":"2020-12-09T11:55:29","date_gmt":"2020-12-09T09:55:29","guid":{"rendered":"https:\/\/jrn.isi.gov.ua\/?page_id=1390"},"modified":"2023-08-10T21:27:55","modified_gmt":"2023-08-10T18:27:55","slug":"1390-2","status":"publish","type":"page","link":"https:\/\/jrn.isi.gov.ua\/?page_id=1390&lang=en","title":{"rendered":"DOI: 10.52150\/2522-9117-2018-32-47-63"},"content":{"rendered":"<p style=\"text-align: left;\"><strong><a href=\"https:\/\/jrn.isi.gov.ua\/sb\/Full%2032\/32%20047-063.pdf\"><img loading=\"lazy\" decoding=\"async\" class=\"alignnone wp-image-1799\" src=\"https:\/\/jrn.isi.gov.ua\/wp-content\/uploads\/2021\/01\/Button-300x99.png\" alt=\"\" width=\"191\" height=\"63\" \/><\/a><\/strong><\/p>\n<p style=\"text-align: left;\"><strong>Bel\u2019kova Alla Ivanovna.<\/strong> PhD (Engin.), Senior Research Scientist, Iron and Steel Institute named after Z.I. Nekrasov of the NAS of Ukraine, Academican Starodubova square, 1, Dnipro, Ukraine, 49107; e-mail: alla2904b8@gmail.com, allabelkova8@mail.ru, ORCID 0000-0001-8519-9351<\/p>\n<p style=\"text-align: left;\"><strong>Muravyeva I.G., Dr. Sci.<\/strong>\u00a0(Engin.),, Head of Department, Iron and Steel Institute named after Z.I. Nekrasov of the NAS of Ukraine, Academican Starodubova square, 1, Dnipro, Ukraine, 49107; email:irinamuravyova@gmail.com<\/p>\n<p style=\"text-align: left;\"><strong>Skachko Alexander Sergeevich,<\/strong> PhD (Engin.), Researcher, Iron and Steel Institute named after Z.I. Nekrasov of the NAS of Ukraine, Academic square Starodubova, 1, Dnipro, Ukraine, 49107<\/p>\n<h2 style=\"text-align: left;\"><strong>Methods for choosing a rational composition of the blast furnace <\/strong><strong>charge<\/strong><\/h2>\n<p style=\"text-align: left;\"><strong>Summary.<\/strong> The aim of the work is to solve the problem of choosing the optimal composition of iron ore materials for blast furnace loading. An analytical review of the existing approaches to assessing the quality and methods for selecting a rational composition of iron ore materials implemented as part of the control system of domestic and foreign blast furnaces in modern conditions has been carried out. A method of modeling the processes of directional formation of melts, developed at the Iron and Steel Institute, is<br \/>\nproposed. The description of the processes of transformation of iron ore materials in a blast furnace and the properties of liquid smelting products was carried out using the parameters of interatomic interaction in melts. The technique uses a set of integral criteria and physicochemical models that allow estimating charge, gas-dynamic and temperature melting conditions. The influence of the quality of iron ore on the properties of primary melts and final products of blast-smelting is analyzed. An integral indicator of the quality of the charge and an integral indicator of the temperature blast mode have been developed. The main difference of the proposed approach to the selection of the composition of the charge from similar developments focused on the traditional criterion \u00abbasicity of the final slag\u00bb is the use of a set of physico-chemical criteria that characterize the quality and properties of iron ore, primary and final blast furnace slag. The use of the developed prognostic models and criteria as part of automated blast furnace control systems allows us to predict the chemical composition of iron and slag. Stabilization of slag properties within the specified limits ensures the smelting of cast iron of the required composition and a reduction in coke consumption in the current unstable conditions of smelting iron.<br \/>\n<strong>Keywords:<\/strong> blast furnace smelting, iron ore materials, cast iron, blast furnace slag, integral criterion, predictive model.<\/p>\n<p style=\"text-align: left;\"><strong>Reference<\/strong><br \/>\n1. Gulyga D.V. Model&#8217; rascheta shikhty, koksa i parametrov domennoy plavki \/ D.V. Gulyga. Stal&#8217;. \u2013 \u21169. \u2013 2002. \u2013 S. 11-14.<br \/>\n2. Tarakanov A.K. Ispol&#8217;zovaniye matematicheskikh modeley i dialogovykh sistem v upravlenii domennym protsessom. Byulleten&#8217; \u00abCHM\u00bb. \u2013 \u211611. \u2013 2001. \u2013 S.30-33.<br \/>\n3. Spirin N.A. Kompleks model&#8217;nykh sistem podderzhki prinyatiya resheniy dlya upravleniya tekhnologiyey domennoy plavki. [N.A. Spirin, V.V. Lavrov, A.A. Burykin i dr.]. Metallurg. \u2013 \u21169. \u2013 2010. \u2013 S. 29-31.<br \/>\n4. Dmitriyev A.N., Spirin N.A. Ispol&#8217;zovaniye sovremennykh informatsionnykh tekhnologiy dlya analiza i kontrolya domennogo protsessa. Byulleten&#8217; \u00abCHM\u00bb \u2013 \u21161. \u2013 2014. \u2013 S. 21-25.<br \/>\n5. Shipanov K.A. Tekhnologicheskiye osobennosti i programmnoye obespecheniye rascheta zaduvochnoy shikhty domennoy pechi. [K.A. Shipanov, N.A. Spirin, A.A, Burykin i dr.]. Izvestiya VUZov. Chernaya metallurgiya. \u2013 \u21162. \u2013 T.2. \u2013 2015. \u2013S. 134-138.<br \/>\n6. Spirin N.A. Ispol&#8217;zovaniye sovremennykh informatsionnykh tekhnologiy dlya analiza domennogo protsessa. [N.A. Spirin, V.V. Lavrov, V.YU. Ryboleyev i dr.]. Metallurg. \u2013 \u21165. \u2013 2016. \u2013 S. 13-19.<br \/>\n7. Ekspertnyye sistemy \u2013 novyy uroven&#8217; optimizatsii raboty domennykh pechey. [Y. Kherl, M. Shaler, K. Shtol&#8217; i dr.] \u2013 Chernyye metally, 2007. \u2013 \u21169. \u2013 S. 37-43.<br \/>\n8. Pat. 2048548 Rossiyskaya federatsiya. MPK S22V1\/16. Sposob proizvodstva oflyusovannogo zhelezorudnogo aglomerata. [V.YA. Lyadova, L.Z. Khodak; zayavitel&#8217;: Institut metallurgii im. A.A. Baykova RAN (Rossiya) \u2013 \u21165048431; zayavl. 19.06.1992; opubl. 20.11.1995.<br \/>\n9. Puzanov V.P., Kobelev V.A., Rudin V.S. Domennoy plavke XXI veka \u2013 tekhnologiyu proizvodstva ravnovesnogo aglomerata, Stal&#8217;. \u2013 2005. \u2013 \u2116 6. \u2013 S. 51-54.<br \/>\n10. Pat. 2146296 Rossiyskaya federatsiya. MPK S22V1\/16. Vysokoosnovnyy aglomerat: Lisin V.S., Skorokhodov V.N., Nastich V.P., Kukartsev V.M., Mizin V.G., Mamyshev V.A., Zakharov D.V., Grekov V.V.,<br \/>\nZarapin A.YU.; zayavitel&#8217;: OAO \u00abNovolipetskiy metallurgicheskiy kombinat\u00bb (Rossiya) \u2013 \u2116 99114698\/02; zayavl. 06.07.1999; opubl. 10.03.2000.<br \/>\n11. Puzanov V.P. Malygin A.V., Boranbayev B.M. Povysheniye kachestva zhelezorudnogo syr&#8217;ya na metallurgicheskikh predpriyatiyakh Rossii. Metallurg. \u2013 1995. \u2013 \u2116 10. \u2013 S. 18.<br \/>\n12. Zhak A.R., Yusfin YU.S., Rusina M.V. Integral&#8217;nyy pokazatel&#8217; kachestva tekhnologii aglomeratsionnogo protsessa. Izv. VUZov. Chernaya Metallurgiya. \u2013 1997. \u2013 \u2116 11. \u2013 S. 10-15.<br \/>\n13. Pat. 2283877 Rossiyskaya federatsiya. MPK S22V1\/14. Sposob opredeleniya metallurgicheskoy tsennosti domennogo zhelezorudnogo syr&#8217;ya. [Gurkin M.A., Gel&#8217;gorn A.V., Nesterov A.S., Bol&#8217;shakov V.I., Nevrayev V.P., Denisova S.YU. , Yakushev V.S.; zayavitel&#8217;: OAO \u00abSeverstal&#8217;\u00bb (Rossiya) \u2013 \u21162005124065\/02; zayavl. 28.07.2005; opubl. 28.07.2005.<br \/>\n14. Bol&#8217;shakov V.I. Gladkov N.A. Kriteriy kachestva zhelezorudnykh materialov. Metallurgicheskaya i gornorudnaya promyshlennost&#8217;. \u2013 2000. \u2013 \u2116 1. \u2013 S. 5-9.<br \/>\n15. Prikhod&#8217;ko E.V. Baza dannykh i modeli dlya prognozirovaniya plavkosti zhelezorudnykh materialov. [E.V. Prikhod&#8217;ko, A.F. Khamkhot&#8217;ko, D.N. Togobitskaya. Stal&#8217;. \u20131998. \u2013 \u21169. \u2013 S. 7-9.<br \/>\n16. Tkach A.YA. Osobennosti sovremennykh shikhtovykh usloviy v domennom tsekhe OAO \u00abDMZ im. Petrovskogo\u00bb. [A.YA. Tkach, A.V. Shepel&#8217;, V.A. Petrenko i dr.]. Metall i lit&#8217;ye Ukrainy. \u2013 2003. \u2013 \u2116 5. \u2013 S. 28-32.<br \/>\n17. Bol&#8217;shakov V.I. Opytno-promyshlennaya aprobatsiya tekhnologii domennoy plavki s povyshennoy doley okatyshey. [V.I. Bol&#8217;shakov, V.I. Loginov, M.YU. Sukhanov i dr.] Stal&#8217;. \u2013 2006. \u2013 \u2116 1. \u2013 S. 6-11.<br \/>\n18. Kurunov I.F. Vliyaniye kachestva zhelezorudnogo syr&#8217;ya i koksa na pokazateli raboty domennykh pechey v usloviyakh OAO \u00abNLMK\u00bb \/ I.F. Kurunov, V.N. Titov, V.L. Yemel&#8217;yanov [i dr.] \/\/ Metallurg. \u2013 2010. \u2013 \u21161. \u2013 S. 28-34.<br \/>\n19. Tovarovskiy I.G. Merkulov A.Ye. Analiticheskoye issledovaniye protsessov i rezhimov domennoy plavki pri razlichnoy stepeni predvaritel&#8217;noy metallizatsii shikhty. Stal&#8217;. \u2013 2010. \u2013 \u2116 11. \u2013 S.7\u201313.<br \/>\n20. Lyalyuk V.P. Vliyaniye sostava i kachestva zhelezorudnogo syr&#8217;ya na tekhniko-ekonomicheskiye pokazateli. [V.P. Lyalyuk, V.A. Sheremet, A.K. Tarakanov i dr.] Byulleten&#8217; \u00abChernaya metallurgiya\u00bb OAO<br \/>\n\u00abChermetinformatsiya\u00bb. \u20132010. \u2013 \u211612. \u2013 S. 32-38.<br \/>\n21. Shatokha V.I. Problemy vybora shlakovogo rezhima domennoy plavki dlya metallurgicheskikh predpriyatiy Ukrainy v sovremennykh usloviyakh. Teoriya i praktika metallurgii. \u2013 1997. \u2013 \u2116 1. \u2013 S. 18-23.<br \/>\n22. Togobitskaya D.N. Generatsiya kompleksnogo pokazatelya domennoy shikhty s uchetom yeye mineralogii dlya napravlennogo formirovaniya produktov plavki. [D.N. Togobitskaya, A.I. Bel&#8217;kova, D.A. Stepanenko, A.S. Skachko] Byulleten&#8217; nauchno-tekhnicheskoy i ekonomicheskoy informatsii \u00abChernaya metallurgiya\u00bb. \u2013 2015. \u2013 \u2116 2. \u2013 S. 26\u201333.<br \/>\n23. Togobitskaya D.N. Vybor sostava domennoy shikhty, obespechivayushchego napravlennoye formirovaniye zhidkikh produktov domennoy plavki. [D.N. Togobitskaya, A.I. Bel&#8217;kova, D.A. Stepanenko i<br \/>\ndr.] Metallurgicheskaya i gornorudnaya promyshlennost&#8217;. \u2013 Dnepropetrovsk. \u2013 2016. \u2013 \u2116 3. \u2013 S. 11-18.<br \/>\n24. Kontseptsiya modelirovaniya protsessov napravlennogo formirovaniya rasplavov domennoy plavki. [D.N. Togobitskaya, A.I. Bel&#8217;kova, D.A. Stepanenko, N.A. Tsivataya, A.S. Skachko, Sb. trudov MK \u00abSuchasna metalurg\u00edya: problemi, zavdannya, r\u00edshennya. Nauka \u00ed virobnitstvo\u00bb. \u2013 Dn\u00edpropetrovs&#8217;k, 2015.<\/p>\n","protected":false},"excerpt":{"rendered":"<p>Bel\u2019kova Alla Ivanovna. PhD (Engin.), Senior Research Scientist, Iron and Steel Institute named after Z.I. Nekrasov of the NAS of Ukraine, Academican Starodubova square, 1, Dnipro, Ukraine, 49107; e-mail: alla2904b8@gmail.com, allabelkova8@mail.ru, ORCID 0000-0001-8519-9351 Muravyeva I.G., Dr. Sci.\u00a0(Engin.),, Head of Department, Iron and Steel Institute named after Z.I. Nekrasov of the NAS of Ukraine, Academican Starodubova [&hellip;]<\/p>\n","protected":false},"author":1,"featured_media":0,"parent":0,"menu_order":0,"comment_status":"closed","ping_status":"closed","template":"","meta":{"footnotes":""},"class_list":["post-1390","page","type-page","status-publish","hentry"],"_links":{"self":[{"href":"https:\/\/jrn.isi.gov.ua\/index.php?rest_route=\/wp\/v2\/pages\/1390","targetHints":{"allow":["GET"]}}],"collection":[{"href":"https:\/\/jrn.isi.gov.ua\/index.php?rest_route=\/wp\/v2\/pages"}],"about":[{"href":"https:\/\/jrn.isi.gov.ua\/index.php?rest_route=\/wp\/v2\/types\/page"}],"author":[{"embeddable":true,"href":"https:\/\/jrn.isi.gov.ua\/index.php?rest_route=\/wp\/v2\/users\/1"}],"replies":[{"embeddable":true,"href":"https:\/\/jrn.isi.gov.ua\/index.php?rest_route=%2Fwp%2Fv2%2Fcomments&post=1390"}],"version-history":[{"count":4,"href":"https:\/\/jrn.isi.gov.ua\/index.php?rest_route=\/wp\/v2\/pages\/1390\/revisions"}],"predecessor-version":[{"id":3828,"href":"https:\/\/jrn.isi.gov.ua\/index.php?rest_route=\/wp\/v2\/pages\/1390\/revisions\/3828"}],"wp:attachment":[{"href":"https:\/\/jrn.isi.gov.ua\/index.php?rest_route=%2Fwp%2Fv2%2Fmedia&parent=1390"}],"curies":[{"name":"wp","href":"https:\/\/api.w.org\/{rel}","templated":true}]}}